{"id":10148,"date":"2018-09-18T00:00:00","date_gmt":"2018-09-17T21:00:00","guid":{"rendered":"https:\/\/www.verginahotelcrete.gr\/accommodation\/"},"modified":"2025-12-21T15:16:09","modified_gmt":"2025-12-21T13:16:09","slug":"unterkunft","status":"publish","type":"page","link":"https:\/\/www.verginahotelcrete.gr\/de\/unterkunft\/","title":{"rendered":"Unterkunft"},"content":{"rendered":"\t\t<div data-elementor-type=\"wp-page\" data-elementor-id=\"10148\" class=\"elementor elementor-10148 elementor-147\">\n\t\t\t\t\t\t\t\t\t<section class=\"elementor-section elementor-top-section elementor-element elementor-element-6be58f4 elementor-section-full_width elementor-section-height-min-height elementor-section-items-bottom elementor-section-content-middle vh-archive-header elementor-section-height-default\" data-id=\"6be58f4\" data-element_type=\"section\" data-settings=\"{&quot;background_background&quot;:&quot;classic&quot;}\">\n\t\t\t\t\t\t<div class=\"elementor-container elementor-column-gap-default\">\n\t\t\t\t\t<div class=\"elementor-column elementor-col-100 elementor-top-column elementor-element elementor-element-210c0b0 vh-banner-heading\" data-id=\"210c0b0\" data-element_type=\"column\">\n\t\t\t<div class=\"elementor-widget-wrap elementor-element-populated\">\n\t\t\t\t\t\t\t\t<div class=\"elementor-element elementor-element-b90c75e elementor-widget elementor-widget-heading\" data-id=\"b90c75e\" data-element_type=\"widget\" data-widget_type=\"heading.default\">\n\t\t\t\t<div class=\"elementor-widget-container\">\n\t\t\t<style>\/*! elementor - v3.10.1 - 17-01-2023 *\/\n.elementor-heading-title{padding:0;margin:0;line-height:1}.elementor-widget-heading .elementor-heading-title[class*=elementor-size-]>a{color:inherit;font-size:inherit;line-height:inherit}.elementor-widget-heading .elementor-heading-title.elementor-size-small{font-size:15px}.elementor-widget-heading .elementor-heading-title.elementor-size-medium{font-size:19px}.elementor-widget-heading .elementor-heading-title.elementor-size-large{font-size:29px}.elementor-widget-heading .elementor-heading-title.elementor-size-xl{font-size:39px}.elementor-widget-heading .elementor-heading-title.elementor-size-xxl{font-size:59px}<\/style><h1 class=\"elementor-heading-title elementor-size-default\">Unterkunft<\/h1>\t\t<\/div>\n\t\t\t\t<\/div>\n\t\t\t\t\t<\/div>\n\t\t<\/div>\n\t\t\t\t\t\t\t<\/div>\n\t\t<\/section>\n\t\t\t\t<section class=\"elementor-section elementor-top-section elementor-element elementor-element-72a195e6 vh-accomm-introtxt elementor-section-boxed elementor-section-height-default elementor-section-height-default\" data-id=\"72a195e6\" data-element_type=\"section\">\n\t\t\t\t\t\t<div class=\"elementor-container elementor-column-gap-default\">\n\t\t\t\t\t<div class=\"elementor-column elementor-col-100 elementor-top-column elementor-element elementor-element-50696329\" data-id=\"50696329\" data-element_type=\"column\">\n\t\t\t<div class=\"elementor-widget-wrap elementor-element-populated\">\n\t\t\t\t\t\t\t\t<div class=\"elementor-element elementor-element-4ee37f5c elementor-widget__width-initial vh-accomm-text elementor-widget-mobile__width-inherit elementor-widget elementor-widget-text-editor\" data-id=\"4ee37f5c\" data-element_type=\"widget\" data-widget_type=\"text-editor.default\">\n\t\t\t\t<div class=\"elementor-widget-container\">\n\t\t\t<style>\/*! elementor - v3.10.1 - 17-01-2023 *\/\n.elementor-widget-text-editor.elementor-drop-cap-view-stacked .elementor-drop-cap{background-color:#818a91;color:#fff}.elementor-widget-text-editor.elementor-drop-cap-view-framed .elementor-drop-cap{color:#818a91;border:3px solid;background-color:transparent}.elementor-widget-text-editor:not(.elementor-drop-cap-view-default) .elementor-drop-cap{margin-top:8px}.elementor-widget-text-editor:not(.elementor-drop-cap-view-default) .elementor-drop-cap-letter{width:1em;height:1em}.elementor-widget-text-editor .elementor-drop-cap{float:left;text-align:center;line-height:1;font-size:50px}.elementor-widget-text-editor .elementor-drop-cap-letter{display:inline-block}<\/style>\t\t\t\t<p>Das Vergina Beach Resort liegt am Strand von Agia Marina, einem der sch\u00f6nsten Str\u00e4nde auf der Insel Kreta, der einen goldenen Abschnitt f\u00fcr einen Besuch der Stadt Chania und auch f\u00fcr Tagesausfl\u00fcge zu traditionellen D\u00f6rfern und ber\u00fchmten Str\u00e4nden usw. darstellt Elafonissi und Balos sowie andere bekannte Orte in der weiteren Umgebung von Chania. Unser komplett renoviertes Anwesen bietet Entspannung und einzigartige Momente, die ein Leben lang gesch\u00e4tzt werden. Unser Ziel ist es, Ihren Urlaub in unserer gem\u00fctlichen und freundlichen Atmosph\u00e4re zu einem besonderen Erlebnis zu machen. Alle M\u00f6bel, die Klimaanlage, die K\u00fccheneinrichtung und das Badezimmer sind brandneu und verleihen dem wundersch\u00f6nen Gem\u00e4lde einen Hauch von Qualit\u00e4t.<\/p>\t\t\t\t\t\t<\/div>\n\t\t\t\t<\/div>\n\t\t\t\t\t<\/div>\n\t\t<\/div>\n\t\t\t\t\t\t\t<\/div>\n\t\t<\/section>\n\t\t\t\t<section class=\"elementor-section elementor-top-section elementor-element elementor-element-66dabbf vh-accomm-tab-section elementor-section-boxed elementor-section-height-default elementor-section-height-default\" data-id=\"66dabbf\" data-element_type=\"section\">\n\t\t\t\t\t\t<div class=\"elementor-container elementor-column-gap-default\">\n\t\t\t\t\t<div class=\"elementor-column elementor-col-100 elementor-top-column elementor-element elementor-element-70c8515\" data-id=\"70c8515\" data-element_type=\"column\">\n\t\t\t<div class=\"elementor-widget-wrap elementor-element-populated\">\n\t\t\t\t\t\t\t\t<div class=\"elementor-element elementor-element-1feca05 vh-accomm-tabs elementor-widget elementor-widget-bdt-tabs\" data-id=\"1feca05\" data-element_type=\"widget\" data-widget_type=\"bdt-tabs.default\">\n\t\t\t\t<div class=\"elementor-widget-container\">\n\t\t\t\r\n\r\n        <div class=\"bdt-tabs-area\">\r\n\r\n            <div id=\"bdt-tabs-1feca05\" class=\"bdt-tabs  bdt-tabs-default fullwidth-on-mobile\" data-settings=\"{&quot;id&quot;:&quot;bdt-tabs-1feca05&quot;,&quot;activeHash&quot;:&quot;no&quot;,&quot;hashTopOffset&quot;:70,&quot;hashScrollspyTime&quot;:1500,&quot;navStickyOffset&quot;:1,&quot;linkWidgetId&quot;:&quot;1feca05&quot;}\">\r\n                \r\n                \r\n                    <div >\r\n        <div >\r\n          <div class=\"bdt-tab bdt-tab-default bdt-flex-center\" data-bdt-tab=\"connect: #bdt-tab-content-1feca05;\" data-bdt-height-match=\"target: &gt; .bdt-tabs-item &gt; .bdt-tabs-item-title; row: false;\">\r\n                                <div class=\"bdt-tabs-item\">\r\n                      <a data-title=\"doppelzimmer\" class=\"bdt-tabs-item-title\" id=\"bdt-tab-doppelzimmer\" data-tab-index=\"0\" href=\"#\" >\r\n                        <div class=\"bdt-tab-text-wrapper bdt-flex-column\">\r\n\r\n                          <div class=\"bdt-tab-title-icon-wrapper\">\r\n\r\n                              \r\n                                                               <span class=\"bdt-tab-text\">\r\n                                    DOPPELZIMMER                                <\/span>\r\n                            \r\n                            \r\n                           <\/div>\r\n\r\n                           \r\n                    <\/div>\r\n                <\/a>\r\n            <\/div>\r\n                          <div class=\"bdt-tabs-item\">\r\n                      <a data-title=\"apartments\" class=\"bdt-tabs-item-title\" id=\"bdt-tab-apartments\" data-tab-index=\"1\" href=\"#\" >\r\n                        <div class=\"bdt-tab-text-wrapper bdt-flex-column\">\r\n\r\n                          <div class=\"bdt-tab-title-icon-wrapper\">\r\n\r\n                              \r\n                                                               <span class=\"bdt-tab-text\">\r\n                                    APARTMENTS                                <\/span>\r\n                            \r\n                            \r\n                           <\/div>\r\n\r\n                           \r\n                    <\/div>\r\n                <\/a>\r\n            <\/div>\r\n                          <div class=\"bdt-tabs-item\">\r\n                      <a data-title=\"suiten\" class=\"bdt-tabs-item-title\" id=\"bdt-tab-suiten\" data-tab-index=\"2\" href=\"#\" >\r\n                        <div class=\"bdt-tab-text-wrapper bdt-flex-column\">\r\n\r\n                          <div class=\"bdt-tab-title-icon-wrapper\">\r\n\r\n                              \r\n                                                               <span class=\"bdt-tab-text\">\r\n                                    SUITEN                                <\/span>\r\n                            \r\n                            \r\n                           <\/div>\r\n\r\n                           \r\n                    <\/div>\r\n                <\/a>\r\n            <\/div>\r\n                          <div class=\"bdt-tabs-item\">\r\n                      <a data-title=\"maisonetten\" class=\"bdt-tabs-item-title\" id=\"bdt-tab-maisonetten\" data-tab-index=\"3\" href=\"#\" >\r\n                        <div class=\"bdt-tab-text-wrapper bdt-flex-column\">\r\n\r\n                          <div class=\"bdt-tab-title-icon-wrapper\">\r\n\r\n                              \r\n                                                               <span class=\"bdt-tab-text\">\r\n                                    MAISONETTEN                                <\/span>\r\n                            \r\n                            \r\n                           <\/div>\r\n\r\n                           \r\n                    <\/div>\r\n                <\/a>\r\n            <\/div>\r\n                          <div class=\"bdt-tabs-item\">\r\n                      <a data-title=\"villen\" class=\"bdt-tabs-item-title\" id=\"bdt-tab-villen\" data-tab-index=\"4\" href=\"#\" >\r\n                        <div class=\"bdt-tab-text-wrapper bdt-flex-column\">\r\n\r\n                          <div class=\"bdt-tab-title-icon-wrapper\">\r\n\r\n                              \r\n                                                               <span class=\"bdt-tab-text\">\r\n                                    VILLEN                                <\/span>\r\n                            \r\n                            \r\n                           <\/div>\r\n\r\n                           \r\n                    <\/div>\r\n                <\/a>\r\n            <\/div>\r\n            <\/div>\r\n<\/div>\r\n<\/div>\r\n\r\n\r\n                                    \r\n        <div class=\"bdt-switcher-wrapper\">\r\n            <div id=\"bdt-tab-content-1feca05\" class=\"bdt-switcher bdt-switcher-item-content\">\r\n                                                      <div class=\"\" \r\n                  data-content-id=\"doppelzimmer\">\r\n                  <div>\r\n                    \t\t<div data-elementor-type=\"archive\" data-elementor-id=\"2915\" class=\"elementor elementor-2915\">\n\t\t\t\t\t\t\t\t<section class=\"elementor-section elementor-top-section elementor-element elementor-element-f11de0b elementor-section-full_width elementor-section-height-default elementor-section-height-default\" data-id=\"f11de0b\" data-element_type=\"section\">\n\t\t\t\t\t\t<div class=\"elementor-container elementor-column-gap-default\">\n\t\t\t\t\t<div class=\"elementor-column elementor-col-100 elementor-top-column elementor-element elementor-element-7becd65\" data-id=\"7becd65\" data-element_type=\"column\">\n\t\t\t<div class=\"elementor-widget-wrap elementor-element-populated\">\n\t\t\t\t\t\t\t\t<div class=\"elementor-element elementor-element-0d07f73 elementor-posts--thumbnail-top elementor-grid-3 elementor-grid-tablet-2 elementor-grid-mobile-1 elementor-widget elementor-widget-posts\" data-id=\"0d07f73\" data-element_type=\"widget\" data-settings=\"{&quot;custom_columns&quot;:&quot;3&quot;,&quot;custom_columns_tablet&quot;:&quot;2&quot;,&quot;custom_columns_mobile&quot;:&quot;1&quot;,&quot;custom_row_gap&quot;:{&quot;unit&quot;:&quot;px&quot;,&quot;size&quot;:35,&quot;sizes&quot;:[]},&quot;custom_row_gap_laptop&quot;:{&quot;unit&quot;:&quot;px&quot;,&quot;size&quot;:&quot;&quot;,&quot;sizes&quot;:[]},&quot;custom_row_gap_tablet&quot;:{&quot;unit&quot;:&quot;px&quot;,&quot;size&quot;:&quot;&quot;,&quot;sizes&quot;:[]},&quot;custom_row_gap_mobile&quot;:{&quot;unit&quot;:&quot;px&quot;,&quot;size&quot;:&quot;&quot;,&quot;sizes&quot;:[]}}\" data-widget_type=\"posts.custom\">\n\t\t\t\t<div class=\"elementor-widget-container\">\n\t\t\t<link rel=\"stylesheet\" href=\"https:\/\/www.verginahotelcrete.gr\/wp-content\/plugins\/elementor-pro\/assets\/css\/widget-posts.min.css\">      <div class=\"ecs-posts elementor-posts-container elementor-posts   elementor-grid elementor-posts--skin-custom\" data-settings=\"{&quot;current_page&quot;:1,&quot;max_num_pages&quot;:0,&quot;load_method&quot;:&quot;&quot;,&quot;widget_id&quot;:&quot;0d07f73&quot;,&quot;post_id&quot;:10148,&quot;theme_id&quot;:2915,&quot;change_url&quot;:false,&quot;reinit_js&quot;:false}\">\n      <div class=\"elementor-posts-nothing-found\"><\/div>\t\t<\/div>\n\t\t\t\t<\/div>\n\t\t\t\t<\/div>\n\t\t\t\t\t<\/div>\n\t\t<\/div>\n\t\t\t\t\t\t\t<\/div>\n\t\t<\/section>\n\t\t\t\t\t\t<\/div>\n\t\t                <\/div>\r\n            <\/div>\r\n                                              <div class=\"\" \r\n                  data-content-id=\"apartments\">\r\n                  <div>\r\n                    \t\t<div data-elementor-type=\"archive\" data-elementor-id=\"2959\" class=\"elementor elementor-2959\">\n\t\t\t\t\t\t\t\t<section class=\"elementor-section elementor-top-section elementor-element elementor-element-6b49930 elementor-section-full_width elementor-section-height-default elementor-section-height-default\" data-id=\"6b49930\" data-element_type=\"section\">\n\t\t\t\t\t\t<div class=\"elementor-container elementor-column-gap-default\">\n\t\t\t\t\t<div class=\"elementor-column elementor-col-100 elementor-top-column elementor-element elementor-element-7fa3558\" data-id=\"7fa3558\" data-element_type=\"column\">\n\t\t\t<div class=\"elementor-widget-wrap elementor-element-populated\">\n\t\t\t\t\t\t\t\t<div class=\"elementor-element elementor-element-7af556d elementor-posts--thumbnail-top elementor-grid-3 elementor-grid-tablet-2 elementor-grid-mobile-1 elementor-widget elementor-widget-posts\" data-id=\"7af556d\" data-element_type=\"widget\" data-settings=\"{&quot;custom_columns&quot;:&quot;3&quot;,&quot;custom_columns_tablet&quot;:&quot;2&quot;,&quot;custom_columns_mobile&quot;:&quot;1&quot;,&quot;custom_row_gap&quot;:{&quot;unit&quot;:&quot;px&quot;,&quot;size&quot;:35,&quot;sizes&quot;:[]},&quot;custom_row_gap_laptop&quot;:{&quot;unit&quot;:&quot;px&quot;,&quot;size&quot;:&quot;&quot;,&quot;sizes&quot;:[]},&quot;custom_row_gap_tablet&quot;:{&quot;unit&quot;:&quot;px&quot;,&quot;size&quot;:&quot;&quot;,&quot;sizes&quot;:[]},&quot;custom_row_gap_mobile&quot;:{&quot;unit&quot;:&quot;px&quot;,&quot;size&quot;:&quot;&quot;,&quot;sizes&quot;:[]}}\" data-widget_type=\"posts.custom\">\n\t\t\t\t<div class=\"elementor-widget-container\">\n\t\t\t      <div class=\"ecs-posts elementor-posts-container elementor-posts   elementor-grid elementor-posts--skin-custom\" data-settings=\"{&quot;current_page&quot;:1,&quot;max_num_pages&quot;:0,&quot;load_method&quot;:&quot;&quot;,&quot;widget_id&quot;:&quot;7af556d&quot;,&quot;post_id&quot;:10148,&quot;theme_id&quot;:2959,&quot;change_url&quot;:false,&quot;reinit_js&quot;:false}\">\n      <div class=\"elementor-posts-nothing-found\"><\/div>\t\t<\/div>\n\t\t\t\t<\/div>\n\t\t\t\t<\/div>\n\t\t\t\t\t<\/div>\n\t\t<\/div>\n\t\t\t\t\t\t\t<\/div>\n\t\t<\/section>\n\t\t\t\t\t\t<\/div>\n\t\t                <\/div>\r\n            <\/div>\r\n                                              <div class=\"\" \r\n                  data-content-id=\"suiten\">\r\n                  <div>\r\n                    \t\t<div data-elementor-type=\"archive\" data-elementor-id=\"2969\" class=\"elementor elementor-2969\">\n\t\t\t\t\t\t\t\t<section class=\"elementor-section elementor-top-section elementor-element elementor-element-848cbd8 elementor-section-full_width elementor-section-height-default elementor-section-height-default\" data-id=\"848cbd8\" data-element_type=\"section\">\n\t\t\t\t\t\t<div class=\"elementor-container elementor-column-gap-default\">\n\t\t\t\t\t<div class=\"elementor-column elementor-col-100 elementor-top-column elementor-element elementor-element-caf06f8\" data-id=\"caf06f8\" data-element_type=\"column\">\n\t\t\t<div class=\"elementor-widget-wrap elementor-element-populated\">\n\t\t\t\t\t\t\t\t<div class=\"elementor-element elementor-element-39f1aee elementor-posts--thumbnail-top elementor-grid-3 elementor-grid-tablet-2 elementor-grid-mobile-1 elementor-widget elementor-widget-posts\" data-id=\"39f1aee\" data-element_type=\"widget\" data-settings=\"{&quot;custom_columns&quot;:&quot;3&quot;,&quot;custom_columns_tablet&quot;:&quot;2&quot;,&quot;custom_columns_mobile&quot;:&quot;1&quot;,&quot;custom_row_gap&quot;:{&quot;unit&quot;:&quot;px&quot;,&quot;size&quot;:35,&quot;sizes&quot;:[]},&quot;custom_row_gap_laptop&quot;:{&quot;unit&quot;:&quot;px&quot;,&quot;size&quot;:&quot;&quot;,&quot;sizes&quot;:[]},&quot;custom_row_gap_tablet&quot;:{&quot;unit&quot;:&quot;px&quot;,&quot;size&quot;:&quot;&quot;,&quot;sizes&quot;:[]},&quot;custom_row_gap_mobile&quot;:{&quot;unit&quot;:&quot;px&quot;,&quot;size&quot;:&quot;&quot;,&quot;sizes&quot;:[]}}\" data-widget_type=\"posts.custom\">\n\t\t\t\t<div class=\"elementor-widget-container\">\n\t\t\t      <div class=\"ecs-posts elementor-posts-container elementor-posts   elementor-grid elementor-posts--skin-custom\" data-settings=\"{&quot;current_page&quot;:1,&quot;max_num_pages&quot;:0,&quot;load_method&quot;:&quot;&quot;,&quot;widget_id&quot;:&quot;39f1aee&quot;,&quot;post_id&quot;:10148,&quot;theme_id&quot;:2969,&quot;change_url&quot;:false,&quot;reinit_js&quot;:false}\">\n      <div class=\"elementor-posts-nothing-found\"><\/div>\t\t<\/div>\n\t\t\t\t<\/div>\n\t\t\t\t<\/div>\n\t\t\t\t\t<\/div>\n\t\t<\/div>\n\t\t\t\t\t\t\t<\/div>\n\t\t<\/section>\n\t\t\t\t\t\t<\/div>\n\t\t                <\/div>\r\n            <\/div>\r\n                                              <div class=\"\" \r\n                  data-content-id=\"maisonetten\">\r\n                  <div>\r\n                    \t\t<div data-elementor-type=\"archive\" data-elementor-id=\"3951\" class=\"elementor elementor-3951\">\n\t\t\t\t\t\t\t\t<section class=\"elementor-section elementor-top-section elementor-element elementor-element-4b411bc elementor-section-full_width elementor-section-height-default elementor-section-height-default\" data-id=\"4b411bc\" data-element_type=\"section\">\n\t\t\t\t\t\t<div class=\"elementor-container elementor-column-gap-default\">\n\t\t\t\t\t<div class=\"elementor-column elementor-col-100 elementor-top-column elementor-element elementor-element-387a383\" data-id=\"387a383\" data-element_type=\"column\">\n\t\t\t<div class=\"elementor-widget-wrap elementor-element-populated\">\n\t\t\t\t\t\t\t\t<div class=\"elementor-element elementor-element-499e387 elementor-posts--thumbnail-top elementor-grid-3 elementor-grid-tablet-2 elementor-grid-mobile-1 elementor-widget elementor-widget-posts\" data-id=\"499e387\" data-element_type=\"widget\" data-settings=\"{&quot;custom_columns&quot;:&quot;3&quot;,&quot;custom_columns_tablet&quot;:&quot;2&quot;,&quot;custom_columns_mobile&quot;:&quot;1&quot;,&quot;custom_row_gap&quot;:{&quot;unit&quot;:&quot;px&quot;,&quot;size&quot;:35,&quot;sizes&quot;:[]},&quot;custom_row_gap_laptop&quot;:{&quot;unit&quot;:&quot;px&quot;,&quot;size&quot;:&quot;&quot;,&quot;sizes&quot;:[]},&quot;custom_row_gap_tablet&quot;:{&quot;unit&quot;:&quot;px&quot;,&quot;size&quot;:&quot;&quot;,&quot;sizes&quot;:[]},&quot;custom_row_gap_mobile&quot;:{&quot;unit&quot;:&quot;px&quot;,&quot;size&quot;:&quot;&quot;,&quot;sizes&quot;:[]}}\" data-widget_type=\"posts.custom\">\n\t\t\t\t<div class=\"elementor-widget-container\">\n\t\t\t      <div class=\"ecs-posts elementor-posts-container elementor-posts   elementor-grid elementor-posts--skin-custom\" data-settings=\"{&quot;current_page&quot;:1,&quot;max_num_pages&quot;:0,&quot;load_method&quot;:&quot;&quot;,&quot;widget_id&quot;:&quot;499e387&quot;,&quot;post_id&quot;:10148,&quot;theme_id&quot;:3951,&quot;change_url&quot;:false,&quot;reinit_js&quot;:false}\">\n      <div class=\"elementor-posts-nothing-found\"><\/div>\t\t<\/div>\n\t\t\t\t<\/div>\n\t\t\t\t<\/div>\n\t\t\t\t\t<\/div>\n\t\t<\/div>\n\t\t\t\t\t\t\t<\/div>\n\t\t<\/section>\n\t\t\t\t\t\t<\/div>\n\t\t                <\/div>\r\n            <\/div>\r\n                                              <div class=\"\" \r\n                  data-content-id=\"villen\">\r\n                  <div>\r\n                    \t\t<div data-elementor-type=\"archive\" data-elementor-id=\"3954\" class=\"elementor elementor-3954\">\n\t\t\t\t\t\t\t\t<section class=\"elementor-section elementor-top-section elementor-element elementor-element-9d43334 elementor-section-full_width elementor-section-height-default elementor-section-height-default\" data-id=\"9d43334\" data-element_type=\"section\">\n\t\t\t\t\t\t<div class=\"elementor-container elementor-column-gap-default\">\n\t\t\t\t\t<div class=\"elementor-column elementor-col-100 elementor-top-column elementor-element elementor-element-d82cd93\" data-id=\"d82cd93\" data-element_type=\"column\">\n\t\t\t<div class=\"elementor-widget-wrap elementor-element-populated\">\n\t\t\t\t\t\t\t\t<div class=\"elementor-element elementor-element-4552f40 elementor-posts--thumbnail-top elementor-grid-3 elementor-grid-tablet-2 elementor-grid-mobile-1 elementor-widget elementor-widget-posts\" data-id=\"4552f40\" data-element_type=\"widget\" data-settings=\"{&quot;custom_columns&quot;:&quot;3&quot;,&quot;custom_columns_tablet&quot;:&quot;2&quot;,&quot;custom_columns_mobile&quot;:&quot;1&quot;,&quot;custom_row_gap&quot;:{&quot;unit&quot;:&quot;px&quot;,&quot;size&quot;:35,&quot;sizes&quot;:[]},&quot;custom_row_gap_laptop&quot;:{&quot;unit&quot;:&quot;px&quot;,&quot;size&quot;:&quot;&quot;,&quot;sizes&quot;:[]},&quot;custom_row_gap_tablet&quot;:{&quot;unit&quot;:&quot;px&quot;,&quot;size&quot;:&quot;&quot;,&quot;sizes&quot;:[]},&quot;custom_row_gap_mobile&quot;:{&quot;unit&quot;:&quot;px&quot;,&quot;size&quot;:&quot;&quot;,&quot;sizes&quot;:[]}}\" data-widget_type=\"posts.custom\">\n\t\t\t\t<div class=\"elementor-widget-container\">\n\t\t\t      <div class=\"ecs-posts elementor-posts-container elementor-posts   elementor-grid elementor-posts--skin-custom\" data-settings=\"{&quot;current_page&quot;:1,&quot;max_num_pages&quot;:0,&quot;load_method&quot;:&quot;&quot;,&quot;widget_id&quot;:&quot;4552f40&quot;,&quot;post_id&quot;:10148,&quot;theme_id&quot;:3954,&quot;change_url&quot;:false,&quot;reinit_js&quot;:false}\">\n      <div class=\"elementor-posts-nothing-found\"><\/div>\t\t<\/div>\n\t\t\t\t<\/div>\n\t\t\t\t<\/div>\n\t\t\t\t\t<\/div>\n\t\t<\/div>\n\t\t\t\t\t\t\t<\/div>\n\t\t<\/section>\n\t\t\t\t\t\t<\/div>\n\t\t                <\/div>\r\n            <\/div>\r\n            <\/div>\r\n<\/div>\r\n                \r\n                                <a href=\"#\" id=\"bottom-anchor-1feca05\" data-bdt-hidden><\/a>\r\n            <\/div>\r\n        <\/div>\r\n        \t\t<\/div>\n\t\t\t\t<\/div>\n\t\t\t\t\t<\/div>\n\t\t<\/div>\n\t\t\t\t\t\t\t<\/div>\n\t\t<\/section>\n\t\t\t\t\t\t\t<\/div>\n\t\t","protected":false},"excerpt":{"rendered":"<p>Das Vergina Beach Resort liegt am Strand von Agia Marina, einem der sch\u00f6nsten Str\u00e4nde auf der Insel Kreta, der einen goldenen Abschnitt f\u00fcr einen Besuch der Stadt Chania und auch f\u00fcr Tagesausfl\u00fcge zu traditionellen D\u00f6rfern und ber\u00fchmten Str\u00e4nden usw. darstellt Elafonissi und Balos sowie andere bekannte Orte in der weiteren Umgebung von Chania. Unser komplett [&hellip;]<\/p>\n","protected":false},"author":1,"featured_media":0,"parent":0,"menu_order":0,"comment_status":"open","ping_status":"open","template":"elementor_header_footer","meta":{"_seopress_robots_primary_cat":"","footnotes":""},"class_list":["post-10148","page","type-page","status-publish","hentry"],"acf":[],"_links":{"self":[{"href":"https:\/\/www.verginahotelcrete.gr\/de\/wp-json\/wp\/v2\/pages\/10148","targetHints":{"allow":["GET"]}}],"collection":[{"href":"https:\/\/www.verginahotelcrete.gr\/de\/wp-json\/wp\/v2\/pages"}],"about":[{"href":"https:\/\/www.verginahotelcrete.gr\/de\/wp-json\/wp\/v2\/types\/page"}],"author":[{"embeddable":true,"href":"https:\/\/www.verginahotelcrete.gr\/de\/wp-json\/wp\/v2\/users\/1"}],"replies":[{"embeddable":true,"href":"https:\/\/www.verginahotelcrete.gr\/de\/wp-json\/wp\/v2\/comments?post=10148"}],"version-history":[{"count":10,"href":"https:\/\/www.verginahotelcrete.gr\/de\/wp-json\/wp\/v2\/pages\/10148\/revisions"}],"predecessor-version":[{"id":12054,"href":"https:\/\/www.verginahotelcrete.gr\/de\/wp-json\/wp\/v2\/pages\/10148\/revisions\/12054"}],"wp:attachment":[{"href":"https:\/\/www.verginahotelcrete.gr\/de\/wp-json\/wp\/v2\/media?parent=10148"}],"curies":[{"name":"wp","href":"https:\/\/api.w.org\/{rel}","templated":true}]}}