{"id":10241,"date":"2018-09-18T00:00:00","date_gmt":"2018-09-17T21:00:00","guid":{"rendered":"https:\/\/www.verginahotelcrete.gr\/location\/"},"modified":"2023-08-01T15:49:49","modified_gmt":"2023-08-01T12:49:49","slug":"standort","status":"publish","type":"page","link":"https:\/\/www.verginahotelcrete.gr\/de\/standort\/","title":{"rendered":"Standort"},"content":{"rendered":"\t\t<div data-elementor-type=\"wp-page\" data-elementor-id=\"10241\" class=\"elementor elementor-10241 elementor-346\">\n\t\t\t\t\t\t\t\t\t<section class=\"elementor-section elementor-top-section elementor-element elementor-element-13808d5 elementor-section-full_width elementor-section-height-min-height elementor-section-items-bottom elementor-section-content-middle vh-archive-header elementor-section-height-default\" data-id=\"13808d5\" data-element_type=\"section\" data-settings=\"{&quot;background_background&quot;:&quot;classic&quot;}\">\n\t\t\t\t\t\t<div class=\"elementor-container elementor-column-gap-default\">\n\t\t\t\t\t<div class=\"elementor-column elementor-col-100 elementor-top-column elementor-element elementor-element-f5891ad vh-banner-heading\" data-id=\"f5891ad\" data-element_type=\"column\">\n\t\t\t<div class=\"elementor-widget-wrap elementor-element-populated\">\n\t\t\t\t\t\t\t\t<div class=\"elementor-element elementor-element-13f8ffe elementor-widget elementor-widget-heading\" data-id=\"13f8ffe\" data-element_type=\"widget\" data-widget_type=\"heading.default\">\n\t\t\t\t<div class=\"elementor-widget-container\">\n\t\t\t<style>\/*! elementor - v3.10.1 - 17-01-2023 *\/\n.elementor-heading-title{padding:0;margin:0;line-height:1}.elementor-widget-heading .elementor-heading-title[class*=elementor-size-]>a{color:inherit;font-size:inherit;line-height:inherit}.elementor-widget-heading .elementor-heading-title.elementor-size-small{font-size:15px}.elementor-widget-heading .elementor-heading-title.elementor-size-medium{font-size:19px}.elementor-widget-heading .elementor-heading-title.elementor-size-large{font-size:29px}.elementor-widget-heading .elementor-heading-title.elementor-size-xl{font-size:39px}.elementor-widget-heading .elementor-heading-title.elementor-size-xxl{font-size:59px}<\/style><h1 class=\"elementor-heading-title elementor-size-default\">Standort<\/h1>\t\t<\/div>\n\t\t\t\t<\/div>\n\t\t\t\t\t<\/div>\n\t\t<\/div>\n\t\t\t\t\t\t\t<\/div>\n\t\t<\/section>\n\t\t\t\t<section class=\"elementor-section elementor-top-section elementor-element elementor-element-6aa6e425 vh-travelhelper-mapsection elementor-section-boxed elementor-section-height-default elementor-section-height-default\" data-id=\"6aa6e425\" data-element_type=\"section\">\n\t\t\t\t\t\t<div class=\"elementor-container elementor-column-gap-no\">\n\t\t\t\t\t<div class=\"elementor-column elementor-col-100 elementor-top-column elementor-element elementor-element-47625841\" data-id=\"47625841\" data-element_type=\"column\">\n\t\t\t<div class=\"elementor-widget-wrap elementor-element-populated\">\n\t\t\t\t\t\t\t\t<section class=\"elementor-section elementor-inner-section elementor-element elementor-element-94332df elementor-section-full_width elementor-section-content-middle elementor-section-height-default elementor-section-height-default\" data-id=\"94332df\" data-element_type=\"section\">\n\t\t\t\t\t\t<div class=\"elementor-container elementor-column-gap-default\">\n\t\t\t\t\t<div class=\"elementor-column elementor-col-50 elementor-inner-column elementor-element elementor-element-3ccec97\" data-id=\"3ccec97\" data-element_type=\"column\">\n\t\t\t<div class=\"elementor-widget-wrap elementor-element-populated\">\n\t\t\t\t\t\t\t\t<div class=\"elementor-element elementor-element-96f4ce8 elementor-widget elementor-widget-heading\" data-id=\"96f4ce8\" data-element_type=\"widget\" data-widget_type=\"heading.default\">\n\t\t\t\t<div class=\"elementor-widget-container\">\n\t\t\t<h2 class=\"elementor-heading-title elementor-size-default\">Vergina-Strand, Agia Marina<\/h2>\t\t<\/div>\n\t\t\t\t<\/div>\n\t\t\t\t<div class=\"elementor-element elementor-element-6709433c elementor-widget__width-inherit vh-accomm-text elementor-widget elementor-widget-text-editor\" data-id=\"6709433c\" data-element_type=\"widget\" data-widget_type=\"text-editor.default\">\n\t\t\t\t<div class=\"elementor-widget-container\">\n\t\t\t<style>\/*! elementor - v3.10.1 - 17-01-2023 *\/\n.elementor-widget-text-editor.elementor-drop-cap-view-stacked .elementor-drop-cap{background-color:#818a91;color:#fff}.elementor-widget-text-editor.elementor-drop-cap-view-framed .elementor-drop-cap{color:#818a91;border:3px solid;background-color:transparent}.elementor-widget-text-editor:not(.elementor-drop-cap-view-default) .elementor-drop-cap{margin-top:8px}.elementor-widget-text-editor:not(.elementor-drop-cap-view-default) .elementor-drop-cap-letter{width:1em;height:1em}.elementor-widget-text-editor .elementor-drop-cap{float:left;text-align:center;line-height:1;font-size:50px}.elementor-widget-text-editor .elementor-drop-cap-letter{display:inline-block}<\/style>\t\t\t\t<p>Willkommen im <strong>Vergina Beach Hotel<\/strong>, einer ruhigen Oase am sonnenverw\u00f6hnten Sandstrand von Agia Marina, einem reizvollen K\u00fcstenvorort in der N\u00e4he von Chania auf Kreta, den Besuchern und Einheimischen eine breite Palette an Aktivit\u00e4ten und Erlebnissen bietet. Diese bezaubernde Gegend ist f\u00fcr ihre langen Sandstr\u00e4nde und das kristallklare Wasser bekannt und somit ein idealer Ort f\u00fcr Entspannungs- und Abenteuersuchende. Machen Sie gem\u00fctliche Spazierg\u00e4nge entlang der malerischen Strandpromenade, genie\u00dfen Sie die mediterrane Sonne, genie\u00dfen Sie die erfrischende Meeresbrise und genie\u00dfen Sie die malerische Aussicht. Sie k\u00f6nnen auch Aktivit\u00e4ten wie Gleitschirmfliegen, Schnorcheln, Windsurfen oder Wasserski nachgehen oder ein Paddel Boot oder Kajak mieten, um die faszinierende K\u00fcste aus einer anderen Perspektive zu erkunden.<\/p><p>Die weitere Region Chania ist ein ideales Reiseziel f\u00fcr Naturliebhaber und Wanderer und bietet zahlreiche Aktivit\u00e4ten. Diese bezaubernde Gegend ist f\u00fcr ihre malerische Berglandschaft mit \u00fcppigen W\u00e4ldern, Fl\u00fcssen und Schluchten bekannt, die darauf warten, erkundet zu werden. Begeben Sie sich auf erfrischende Wanderungen auf malerischen Wegen, genie\u00dfen Sie die frische Bergluft und lassen Sie sich von den atemberaubenden Ausblicken auf die nat\u00fcrliche Umgebung verzaubern.<\/p><p>F\u00fcr diejenigen, die in die Kultur eintauchen m\u00f6chten, gibt es in der weiteren Umgebung der Pr\u00e4fektur Chania kleine, malerische Kirchen und D\u00f6rfer. Diese historischen Bauwerke bieten einen Einblick in das reiche spirituelle Erbe Kretas und der umliegenden Inseln. Und wenn es ums Essen geht, hat Agia Marina viele M\u00f6glichkeiten zu bieten, von traditionellen Tavernen mit lokaler K\u00fcche bis hin zu stilvollen Restaurants mit modernen Gerichten. Genie\u00dfen Sie eine k\u00f6stliche Mahlzeit, w\u00e4hrend Sie die faszinierende Aussicht auf das \u00c4g\u00e4ische Meer bewundern oder lokale Spezialit\u00e4ten wie frische Meeresfr\u00fcchte und Oliven\u00f6l genie\u00dfen. Au\u00dferdem k\u00f6nnen G\u00e4ste lokale Weing\u00fcter zur Weinprobe besuchen, sowie Oliven\u00f6lm\u00fchlen, um vor Ort in ihren Produktionsanlagen reines, extra natives Oliven\u00f6l zu probieren.<\/p><p>Agia Marina erf\u00fcllt eine Vielzahl von Vorlieben. Mit seinem einladenden Klima, den malerischen Str\u00e4nden und der bezaubernden Atmosph\u00e4re verspricht es einen au\u00dfergew\u00f6hnlichen Sommerurlaub auf Kreta.<\/p>\t\t\t\t\t\t<\/div>\n\t\t\t\t<\/div>\n\t\t\t\t<div class=\"elementor-element elementor-element-9202bf5 elementor-widget__width-inherit vh-accomm-text elementor-hidden-desktop elementor-hidden-laptop elementor-hidden-tablet elementor-hidden-mobile elementor-widget elementor-widget-text-editor\" data-id=\"9202bf5\" data-element_type=\"widget\" data-widget_type=\"text-editor.default\">\n\t\t\t\t<div class=\"elementor-widget-container\">\n\t\t\t\t\t\t\t<p><strong>Vergina Beach Hotel<\/strong> is set on the long, sandy and sun blessed beach of Agia Marina, at the quiet village of Agia Marina, just 9km from Chania city center.<\/p><p>This 6 storey building on the SeaFront, houses a total of 27 accommodation units.<br \/>Vergina Hotel is proud of its location, as it is in the middle of many interesting and picturesque areas that you can visit during your stay, i.e. Chania city center, Old Harbor of Chania, Platanias nightlife, Elafonisi, Balos etc, just to name a few.<\/p><p>Our hotel is the best excursion base for you to explore the rest of Crete as well. Other facilities include a cozy cocktail bar, Oki Bar and a beach restaurant bar, with sun loungers, umbrellas and two pools by the beach.<\/p>\t\t\t\t\t\t<\/div>\n\t\t\t\t<\/div>\n\t\t\t\t\t<\/div>\n\t\t<\/div>\n\t\t\t\t<div class=\"elementor-column elementor-col-50 elementor-inner-column elementor-element elementor-element-89e6a6b\" data-id=\"89e6a6b\" data-element_type=\"column\">\n\t\t\t<div class=\"elementor-widget-wrap elementor-element-populated\">\n\t\t\t\t\t\t\t\t<div class=\"elementor-element elementor-element-bc064b0 vh-travelhelp-btns elementor-widget elementor-widget-html\" data-id=\"bc064b0\" data-element_type=\"widget\" data-widget_type=\"html.default\">\n\t\t\t\t<div class=\"elementor-widget-container\">\n\t\t\t<a href=\"#!\" onclick=\"fromYourLocation()\">VON IHREM STANDORT<\/a>\r\n<a href=\"#!\" onclick=\"initMap(35.540328192421704, 24.13043975830078,'35.5193709, 23.9264314')\">VOM FLUGHAFEN CHANIA<\/a>\r\n<a href=\"#!\" onclick=\"initMap(35.48936300690188, 24.076838493347168,'35.5193709, 23.9264314')\">VOM HAFEN SOUDA<\/a>\r\n<a href=\"#!\" onclick=\"initMap(35.33601110658638, 25.17414110577397,'35.5193709, 23.9264314')\">VOM FLUGHAFEN HERAKLION<\/a>\r\n<a href=\"#!\" onclick=\"initMap(35.343507, 25.150937,'35.5193709, 23.9264314')\">VOM HAFEN HERAKLION<\/a>\t\t<\/div>\n\t\t\t\t<\/div>\n\t\t\t\t\t<\/div>\n\t\t<\/div>\n\t\t\t\t\t\t\t<\/div>\n\t\t<\/section>\n\t\t\t\t<div class=\"elementor-element elementor-element-d0ce00e vh-travelhelper-mapsection-html elementor-widget elementor-widget-html\" data-id=\"d0ce00e\" data-element_type=\"widget\" data-widget_type=\"html.default\">\n\t\t\t\t<div class=\"elementor-widget-container\">\n\t\t\t<div id=\"map\" style=\"width: 100%; height: 500px; float: left;\"><\/div> \r\n<div id=\"panel\" style=\"width: 100%; float: right;\"><\/div> \r\n\r\n <script src=\"https:\/\/maps.google.com\/maps\/api\/js?key=AIzaSyDBUIrmKyzu7GawnkjiStgzirSlrroioA4&language=en\"><\/script>\r\n<script type=\"text\/javascript\"> \r\n  var directionsService = new google.maps.DirectionsService();\r\n    var destinationCords = '35.5193709, 23.9264314';\r\n  \r\n  function fromYourLocation() {\r\n    if (location.protocol == 'https:'){\r\n      if (navigator.geolocation) {\r\n        navigator.geolocation.getCurrentPosition(function (position) {                                                              \r\n          initMap(position.coords.latitude,position.coords.longitude,destinationCords)\r\n        });\r\n      }\r\n    }\r\n  }\r\n\r\n  initMap();\r\n  \r\n  function initMap(lat,long,destinationCordss){\r\n    if (lat && long && destinationCordss) {\r\n      originx = lat+','+long;\r\n      destinx = destinationCordss;\r\n    } else{\r\n      originx = '35.51379308593382,24.020161009539834';\r\n      destinx = destinationCords;\r\n    }\r\n    document.getElementById('panel').innerHTML = \"\"\r\n    var directionsDisplay = new google.maps.DirectionsRenderer({\r\n      draggable: true,\r\n      map: map,\r\n      panel: document.getElementById('panel')\r\n    });\r\n    var map = new google.maps.Map(document.getElementById('map'), {\r\n      zoom:7,\r\n      scrollwheel: false,\r\n      draggable: true,\r\n      mapTypeId: google.maps.MapTypeId.ROADMAP,\r\n      styles: [\r\n  {\r\n    \"elementType\": \"geometry\",\r\n    \"stylers\": [\r\n      {\r\n        \"color\": \"#f5f5f5\"\r\n      }\r\n    ]\r\n  },\r\n  {\r\n    \"elementType\": \"labels.icon\",\r\n    \"stylers\": [\r\n      {\r\n        \"visibility\": \"off\"\r\n      }\r\n    ]\r\n  },\r\n  {\r\n    \"elementType\": \"labels.text.fill\",\r\n    \"stylers\": [\r\n      {\r\n        \"color\": \"#616161\"\r\n      }\r\n    ]\r\n  },\r\n  {\r\n    \"elementType\": \"labels.text.stroke\",\r\n    \"stylers\": [\r\n      {\r\n        \"color\": \"#f5f5f5\"\r\n      }\r\n    ]\r\n  },\r\n  {\r\n    \"featureType\": \"administrative.land_parcel\",\r\n    \"elementType\": \"labels.text.fill\",\r\n    \"stylers\": [\r\n      {\r\n        \"color\": \"#bdbdbd\"\r\n      }\r\n    ]\r\n  },\r\n  {\r\n    \"featureType\": \"poi\",\r\n    \"elementType\": \"geometry\",\r\n    \"stylers\": [\r\n      {\r\n        \"color\": \"#eeeeee\"\r\n      }\r\n    ]\r\n  },\r\n  {\r\n    \"featureType\": \"poi\",\r\n    \"elementType\": \"labels.text.fill\",\r\n    \"stylers\": [\r\n      {\r\n        \"color\": \"#757575\"\r\n      }\r\n    ]\r\n  },\r\n  {\r\n    \"featureType\": \"poi.park\",\r\n    \"elementType\": \"geometry\",\r\n    \"stylers\": [\r\n      {\r\n        \"color\": \"#e5e5e5\"\r\n      }\r\n    ]\r\n  },\r\n  {\r\n    \"featureType\": \"poi.park\",\r\n    \"elementType\": \"labels.text.fill\",\r\n    \"stylers\": [\r\n      {\r\n        \"color\": \"#9e9e9e\"\r\n      }\r\n    ]\r\n  },\r\n  {\r\n    \"featureType\": \"road\",\r\n    \"elementType\": \"geometry\",\r\n    \"stylers\": [\r\n      {\r\n        \"color\": \"#ffffff\"\r\n      }\r\n    ]\r\n  },\r\n  {\r\n    \"featureType\": \"road.arterial\",\r\n    \"elementType\": \"labels.text.fill\",\r\n    \"stylers\": [\r\n      {\r\n        \"color\": \"#757575\"\r\n      }\r\n    ]\r\n  },\r\n  {\r\n    \"featureType\": \"road.highway\",\r\n    \"elementType\": \"geometry\",\r\n    \"stylers\": [\r\n      {\r\n        \"color\": \"#dadada\"\r\n      }\r\n    ]\r\n  },\r\n  {\r\n    \"featureType\": \"road.highway\",\r\n    \"elementType\": \"labels.text.fill\",\r\n    \"stylers\": [\r\n      {\r\n        \"color\": \"#616161\"\r\n      }\r\n    ]\r\n  },\r\n  {\r\n    \"featureType\": \"road.local\",\r\n    \"elementType\": \"labels.text.fill\",\r\n    \"stylers\": [\r\n      {\r\n        \"color\": \"#9e9e9e\"\r\n      }\r\n    ]\r\n  },\r\n  {\r\n    \"featureType\": \"transit.line\",\r\n    \"elementType\": \"geometry\",\r\n    \"stylers\": [\r\n      {\r\n        \"color\": \"#e5e5e5\"\r\n      }\r\n    ]\r\n  },\r\n  {\r\n    \"featureType\": \"transit.station\",\r\n    \"elementType\": \"geometry\",\r\n    \"stylers\": [\r\n      {\r\n        \"color\": \"#eeeeee\"\r\n      }\r\n    ]\r\n  },\r\n  {\r\n    \"featureType\": \"water\",\r\n    \"elementType\": \"geometry\",\r\n    \"stylers\": [\r\n      {\r\n        \"color\": \"#c9c9c9\"\r\n      }\r\n    ]\r\n  },\r\n  {\r\n    \"featureType\": \"water\",\r\n    \"elementType\": \"labels.text.fill\",\r\n    \"stylers\": [\r\n      {\r\n        \"color\": \"#9e9e9e\"\r\n      }\r\n    ]\r\n  }\r\n]\r\n    });\r\n    directionsDisplay.setMap(map);\r\n    directionsDisplay.setPanel(document.getElementById('panel'));\r\n    var request = {\r\n      origin: originx,\r\n      destination: destinx,\r\n      travelMode: google.maps.DirectionsTravelMode.DRIVING\r\n    };\r\n    directionsService.route(request, function(response, status) {\r\n      if (status == google.maps.DirectionsStatus.OK) {\r\n        directionsDisplay.setDirections(response);\r\n      }\r\n    });\r\n  }\r\n<\/script>  \t\t<\/div>\n\t\t\t\t<\/div>\n\t\t\t\t\t<\/div>\n\t\t<\/div>\n\t\t\t\t\t\t\t<\/div>\n\t\t<\/section>\n\t\t\t\t\t\t\t<\/div>\n\t\t","protected":false},"excerpt":{"rendered":"<p>Vergina-Strand, Agia Marina Willkommen im Vergina Beach Hotel, einer ruhigen Oase am sonnenverw\u00f6hnten Sandstrand von Agia Marina, einem reizvollen K\u00fcstenvorort in der N\u00e4he von Chania auf Kreta, den Besuchern und Einheimischen eine breite Palette an Aktivit\u00e4ten und Erlebnissen bietet. Diese bezaubernde Gegend ist f\u00fcr ihre langen Sandstr\u00e4nde und das kristallklare Wasser bekannt und somit ein [&hellip;]<\/p>\n","protected":false},"author":1,"featured_media":0,"parent":0,"menu_order":0,"comment_status":"open","ping_status":"open","template":"elementor_header_footer","meta":{"_seopress_robots_primary_cat":"","footnotes":""},"class_list":["post-10241","page","type-page","status-publish","hentry"],"acf":[],"_links":{"self":[{"href":"https:\/\/www.verginahotelcrete.gr\/de\/wp-json\/wp\/v2\/pages\/10241","targetHints":{"allow":["GET"]}}],"collection":[{"href":"https:\/\/www.verginahotelcrete.gr\/de\/wp-json\/wp\/v2\/pages"}],"about":[{"href":"https:\/\/www.verginahotelcrete.gr\/de\/wp-json\/wp\/v2\/types\/page"}],"author":[{"embeddable":true,"href":"https:\/\/www.verginahotelcrete.gr\/de\/wp-json\/wp\/v2\/users\/1"}],"replies":[{"embeddable":true,"href":"https:\/\/www.verginahotelcrete.gr\/de\/wp-json\/wp\/v2\/comments?post=10241"}],"version-history":[{"count":9,"href":"https:\/\/www.verginahotelcrete.gr\/de\/wp-json\/wp\/v2\/pages\/10241\/revisions"}],"predecessor-version":[{"id":10252,"href":"https:\/\/www.verginahotelcrete.gr\/de\/wp-json\/wp\/v2\/pages\/10241\/revisions\/10252"}],"wp:attachment":[{"href":"https:\/\/www.verginahotelcrete.gr\/de\/wp-json\/wp\/v2\/media?parent=10241"}],"curies":[{"name":"wp","href":"https:\/\/api.w.org\/{rel}","templated":true}]}}