{"id":10243,"date":"2023-02-21T12:45:14","date_gmt":"2023-02-21T10:45:14","guid":{"rendered":"https:\/\/www.verginahotelcrete.gr\/facilities\/"},"modified":"2025-12-21T15:14:08","modified_gmt":"2025-12-21T13:14:08","slug":"retreat-facilities","status":"publish","type":"page","link":"https:\/\/www.verginahotelcrete.gr\/de\/retreat-facilities\/","title":{"rendered":"R\u00fcckzugsort &#038; Einrichtungen"},"content":{"rendered":"\t\t<div data-elementor-type=\"wp-page\" data-elementor-id=\"10243\" class=\"elementor elementor-10243 elementor-5844\">\n\t\t\t\t\t\t\t\t\t<section class=\"elementor-section elementor-top-section elementor-element elementor-element-76276a3 elementor-section-full_width elementor-section-height-min-height elementor-section-items-bottom elementor-section-content-middle vh-archive-header elementor-section-height-default\" data-id=\"76276a3\" data-element_type=\"section\" data-settings=\"{&quot;background_background&quot;:&quot;classic&quot;}\">\n\t\t\t\t\t\t<div class=\"elementor-container elementor-column-gap-default\">\n\t\t\t\t\t<div class=\"elementor-column elementor-col-100 elementor-top-column elementor-element elementor-element-897ba28 vh-banner-heading\" data-id=\"897ba28\" data-element_type=\"column\">\n\t\t\t<div class=\"elementor-widget-wrap elementor-element-populated\">\n\t\t\t\t\t\t\t\t<div class=\"elementor-element elementor-element-0fa195e elementor-widget elementor-widget-heading\" data-id=\"0fa195e\" data-element_type=\"widget\" data-widget_type=\"heading.default\">\n\t\t\t\t<div class=\"elementor-widget-container\">\n\t\t\t<style>\/*! elementor - v3.10.1 - 17-01-2023 *\/\n.elementor-heading-title{padding:0;margin:0;line-height:1}.elementor-widget-heading .elementor-heading-title[class*=elementor-size-]>a{color:inherit;font-size:inherit;line-height:inherit}.elementor-widget-heading .elementor-heading-title.elementor-size-small{font-size:15px}.elementor-widget-heading .elementor-heading-title.elementor-size-medium{font-size:19px}.elementor-widget-heading .elementor-heading-title.elementor-size-large{font-size:29px}.elementor-widget-heading .elementor-heading-title.elementor-size-xl{font-size:39px}.elementor-widget-heading .elementor-heading-title.elementor-size-xxl{font-size:59px}<\/style><h1 class=\"elementor-heading-title elementor-size-default\">R\u00fcckzugsort &#038; Einrichtungen<\/h1>\t\t<\/div>\n\t\t\t\t<\/div>\n\t\t\t\t\t<\/div>\n\t\t<\/div>\n\t\t\t\t\t\t\t<\/div>\n\t\t<\/section>\n\t\t\t\t<section class=\"elementor-section elementor-top-section elementor-element elementor-element-fc16ddb elementor-section-content-top vh-id-section elementor-reverse-tablet elementor-reverse-mobile elementor-section-boxed elementor-section-height-default elementor-section-height-default\" data-id=\"fc16ddb\" data-element_type=\"section\" id=\"fac-pools\">\n\t\t\t\t\t\t<div class=\"elementor-container elementor-column-gap-no\">\n\t\t\t\t\t<div class=\"elementor-column elementor-col-50 elementor-top-column elementor-element elementor-element-55ff1f5 vh-dest-txt-col\" data-id=\"55ff1f5\" data-element_type=\"column\">\n\t\t\t<div class=\"elementor-widget-wrap elementor-element-populated\">\n\t\t\t\t\t\t\t\t<div class=\"elementor-element elementor-element-299428c elementor-widget elementor-widget-heading\" data-id=\"299428c\" data-element_type=\"widget\" data-widget_type=\"heading.default\">\n\t\t\t\t<div class=\"elementor-widget-container\">\n\t\t\t<h2 class=\"elementor-heading-title elementor-size-default\">POOL & PRIVATER POOLBEREICH<\/h2>\t\t<\/div>\n\t\t\t\t<\/div>\n\t\t\t\t<div class=\"elementor-element elementor-element-3558573 vh-dest-txt elementor-widget elementor-widget-text-editor\" data-id=\"3558573\" data-element_type=\"widget\" data-widget_type=\"text-editor.default\">\n\t\t\t\t<div class=\"elementor-widget-container\">\n\t\t\t<style>\/*! elementor - v3.10.1 - 17-01-2023 *\/\n.elementor-widget-text-editor.elementor-drop-cap-view-stacked .elementor-drop-cap{background-color:#818a91;color:#fff}.elementor-widget-text-editor.elementor-drop-cap-view-framed .elementor-drop-cap{color:#818a91;border:3px solid;background-color:transparent}.elementor-widget-text-editor:not(.elementor-drop-cap-view-default) .elementor-drop-cap{margin-top:8px}.elementor-widget-text-editor:not(.elementor-drop-cap-view-default) .elementor-drop-cap-letter{width:1em;height:1em}.elementor-widget-text-editor .elementor-drop-cap{float:left;text-align:center;line-height:1;font-size:50px}.elementor-widget-text-editor .elementor-drop-cap-letter{display:inline-block}<\/style>\t\t\t\t<p>G\u00f6nnen Sie sich ein erfrischendes Bad im herrlichen Poolbereich des Vergina Beach Resorts. Umgeben von mediterraner Vegetation und atemberaubender Aussicht auf das \u00c4g\u00e4ische Meer ist unser Hauptpool der perfekte Ort zum Entspannen und Sonnenbaden. Nehmen Sie ein erfrischendes Bad, entspannen Sie sich auf einer unserer bequemen Sonnenliegen oder genie\u00dfen Sie einfach ein kaltes Getr\u00e4nk von unserer Poolbar.<\/p><p>F\u00fcr diejenigen, die noch mehr Privatsph\u00e4re w\u00fcnschen, bieten wir auch eine Auswahl an privaten Pools an. Eingebettet in ruhige, abgeschiedene Raumbereiche bieten diese privaten Pools eine Oase der Ruhe, in der Sie der Hektik des Alltags entfliehen k\u00f6nnen. Genie\u00dfen Sie die Sonne in v\u00f6lliger Privatsph\u00e4re und lassen Sie Ihre Sorgen hinter sich, w\u00e4hrend Sie die Ruhe Ihres pers\u00f6nlichen Paradieses genie\u00dfen. Ganz gleich, ob Sie die pulsierende Energie unseres Hauptpools oder die Ruhe eines privaten Pools bevorzugen, das Vergina Beach Hotel bietet das perfekte Poolerlebnis f\u00fcr Sie.<\/p>\t\t\t\t\t\t<\/div>\n\t\t\t\t<\/div>\n\t\t\t\t\t<\/div>\n\t\t<\/div>\n\t\t\t\t<div class=\"elementor-column elementor-col-50 elementor-top-column elementor-element elementor-element-5974d47\" data-id=\"5974d47\" data-element_type=\"column\">\n\t\t\t<div class=\"elementor-widget-wrap elementor-element-populated\">\n\t\t\t\t\t\t\t\t<div class=\"elementor-element elementor-element-5e54d16 vh-dest-img elementor-widget elementor-widget-image\" data-id=\"5e54d16\" data-element_type=\"widget\" data-widget_type=\"image.default\">\n\t\t\t\t<div class=\"elementor-widget-container\">\n\t\t\t<style>\/*! elementor - v3.10.1 - 17-01-2023 *\/\n.elementor-widget-image{text-align:center}.elementor-widget-image a{display:inline-block}.elementor-widget-image a img[src$=\".svg\"]{width:48px}.elementor-widget-image img{vertical-align:middle;display:inline-block}<\/style>\t\t\t\t\t\t\t\t\t\t\t\t<img loading=\"lazy\" decoding=\"async\" width=\"800\" height=\"534\" src=\"https:\/\/www.verginahotelcrete.gr\/wp-content\/uploads\/2023\/02\/pools-1024x683.jpg\" class=\"attachment-large size-large wp-image-9678\" alt=\"\" srcset=\"https:\/\/www.verginahotelcrete.gr\/wp-content\/uploads\/2023\/02\/pools-1024x683.jpg 1024w, https:\/\/www.verginahotelcrete.gr\/wp-content\/uploads\/2023\/02\/pools-300x200.jpg 300w, https:\/\/www.verginahotelcrete.gr\/wp-content\/uploads\/2023\/02\/pools-768x512.jpg 768w, https:\/\/www.verginahotelcrete.gr\/wp-content\/uploads\/2023\/02\/pools.jpg 1200w\" sizes=\"auto, (max-width: 800px) 100vw, 800px\" \/>\t\t\t\t\t\t\t\t\t\t\t\t\t\t\t<\/div>\n\t\t\t\t<\/div>\n\t\t\t\t\t<\/div>\n\t\t<\/div>\n\t\t\t\t\t\t\t<\/div>\n\t\t<\/section>\n\t\t\t\t<section class=\"elementor-section elementor-top-section elementor-element elementor-element-32c3d28 elementor-section-content-top vh-id-section elementor-reverse-mobile elementor-section-boxed elementor-section-height-default elementor-section-height-default\" data-id=\"32c3d28\" data-element_type=\"section\" id=\"fac-spa\">\n\t\t\t\t\t\t<div class=\"elementor-container elementor-column-gap-no\">\n\t\t\t\t\t<div class=\"elementor-column elementor-col-50 elementor-top-column elementor-element elementor-element-d46c7a6\" data-id=\"d46c7a6\" data-element_type=\"column\">\n\t\t\t<div class=\"elementor-widget-wrap elementor-element-populated\">\n\t\t\t\t\t\t\t\t<div class=\"elementor-element elementor-element-960ac8e vh-dest-img elementor-widget elementor-widget-image\" data-id=\"960ac8e\" data-element_type=\"widget\" data-widget_type=\"image.default\">\n\t\t\t\t<div class=\"elementor-widget-container\">\n\t\t\t\t\t\t\t\t\t\t\t\t\t\t\t<img loading=\"lazy\" decoding=\"async\" width=\"800\" height=\"600\" src=\"https:\/\/www.verginahotelcrete.gr\/wp-content\/uploads\/2023\/06\/fitness-1-1024x768.jpg\" class=\"attachment-large size-large wp-image-9813\" alt=\"\" srcset=\"https:\/\/www.verginahotelcrete.gr\/wp-content\/uploads\/2023\/06\/fitness-1-1024x768.jpg 1024w, https:\/\/www.verginahotelcrete.gr\/wp-content\/uploads\/2023\/06\/fitness-1-300x225.jpg 300w, https:\/\/www.verginahotelcrete.gr\/wp-content\/uploads\/2023\/06\/fitness-1-768x576.jpg 768w, https:\/\/www.verginahotelcrete.gr\/wp-content\/uploads\/2023\/06\/fitness-1.jpg 1200w\" sizes=\"auto, (max-width: 800px) 100vw, 800px\" \/>\t\t\t\t\t\t\t\t\t\t\t\t\t\t\t<\/div>\n\t\t\t\t<\/div>\n\t\t\t\t\t<\/div>\n\t\t<\/div>\n\t\t\t\t<div class=\"elementor-column elementor-col-50 elementor-top-column elementor-element elementor-element-b410731 vh-dest-txt-col\" data-id=\"b410731\" data-element_type=\"column\">\n\t\t\t<div class=\"elementor-widget-wrap elementor-element-populated\">\n\t\t\t\t\t\t\t\t<div class=\"elementor-element elementor-element-d2ecb4a elementor-widget elementor-widget-heading\" data-id=\"d2ecb4a\" data-element_type=\"widget\" data-widget_type=\"heading.default\">\n\t\t\t\t<div class=\"elementor-widget-container\">\n\t\t\t<h2 class=\"elementor-heading-title elementor-size-default\">SPA & Fitness<\/h2>\t\t<\/div>\n\t\t\t\t<\/div>\n\t\t\t\t<div class=\"elementor-element elementor-element-34b6a2a vh-dest-txt elementor-widget elementor-widget-text-editor\" data-id=\"34b6a2a\" data-element_type=\"widget\" data-widget_type=\"text-editor.default\">\n\t\t\t\t<div class=\"elementor-widget-container\">\n\t\t\t\t\t\t\t<p>Entspannen und erholen Sie sich im Spa- und Fitnessbereich des Vergina Beach Resorts. Tauchen Sie ein in eine Welt der Ruhe und Entspannung, in der Sie dem Stress des Alltags entfliehen und sich eine Vielzahl verj\u00fcngender Behandlungen g\u00f6nnen k\u00f6nnen. Unsere freundlichen und erfahrenen Therapeuten verwenden hochwertige Produkte, um Ihnen ein wirklich pers\u00f6nliches und beruhigendes Spa-Erlebnis zu bieten.<\/p><p>F\u00fcr diejenigen, die w\u00e4hrend ihres Aufenthalts lieber aktiv bleiben m\u00f6chten, ist unser Fitnessbereich vor Ort mit den notwendigen Ger\u00e4ten ausgestattet, um Ihnen dabei zu helfen, Ihr Trainingsprogramm aufrechtzuerhalten oder ein neues zu beginnen. In wohltuender Umgebung und ruhiger Atmosph\u00e4re ist unser Fitnessbereich der ideale Ort, um Ihren Puls in Schwung zu bringen und w\u00e4hrend Ihres Aufenthalts in Form zu bleiben.<\/p><p>Im <strong>Vergina Beach Resort<\/strong>\u00a0glauben wir an einen umfassenden Wellness-Ansatz. Ganz gleich, ob Sie im Spa entspannen und neue Energie tanken m\u00f6chten oder in unserem Fitnessbereich aktiv bleiben m\u00f6chten, wir haben alles, was Sie brauchen, um sich w\u00e4hrend Ihres Aufenthalts rundum wohl zu f\u00fchlen. Kommen Sie und erleben Sie ein beruhigendes und erholsames Erlebnis im <strong>Vergina Beach Resort<\/strong>.<\/p>\t\t\t\t\t\t<\/div>\n\t\t\t\t<\/div>\n\t\t\t\t\t<\/div>\n\t\t<\/div>\n\t\t\t\t\t\t\t<\/div>\n\t\t<\/section>\n\t\t\t\t<section class=\"elementor-section elementor-top-section elementor-element elementor-element-8366d26 elementor-section-content-top vh-id-section elementor-reverse-tablet elementor-reverse-mobile elementor-section-boxed elementor-section-height-default elementor-section-height-default\" data-id=\"8366d26\" data-element_type=\"section\" id=\"fac-yoga\">\n\t\t\t\t\t\t<div class=\"elementor-container elementor-column-gap-no\">\n\t\t\t\t\t<div class=\"elementor-column elementor-col-50 elementor-top-column elementor-element elementor-element-72f8c19 vh-dest-txt-col\" data-id=\"72f8c19\" data-element_type=\"column\">\n\t\t\t<div class=\"elementor-widget-wrap elementor-element-populated\">\n\t\t\t\t\t\t\t\t<div class=\"elementor-element elementor-element-61bf6f2 elementor-widget elementor-widget-heading\" data-id=\"61bf6f2\" data-element_type=\"widget\" data-widget_type=\"heading.default\">\n\t\t\t\t<div class=\"elementor-widget-container\">\n\t\t\t<h2 class=\"elementor-heading-title elementor-size-default\">YOGA KLASSE<\/h2>\t\t<\/div>\n\t\t\t\t<\/div>\n\t\t\t\t<div class=\"elementor-element elementor-element-6da49cf vh-dest-txt elementor-widget elementor-widget-text-editor\" data-id=\"6da49cf\" data-element_type=\"widget\" data-widget_type=\"text-editor.default\">\n\t\t\t\t<div class=\"elementor-widget-container\">\n\t\t\t\t\t\t\t<p>Bringen Sie Ausgewogenheit in Ihren Aufenthalt mit dem Yoga-Kurs von <strong>Vergina Beach Resort<\/strong><br \/>Entdecken Sie die Kraft der Achtsamkeit und Entspannung am <strong>Vergina Beach<\/strong>. Unser Yoga-Kurs bietet G\u00e4sten die M\u00f6glichkeit, ihren K\u00f6rper und Geist in einer ruhigen Umgebung direkt am Strand zu dehnen, zu st\u00e4rken und zu revitalisieren. Egal, ob Sie ein erfahrener Yogi oder ein Neuling in der Praxis sind, unser erfahrener Lehrer f\u00fchrt Sie durch eine Reihe von Posen, die das k\u00f6rperliche, geistige und emotionale Wohlbefinden f\u00f6rdern sollen. Beginnen Sie Ihren Tag mit einem belebenden Training oder entspannen Sie sich nach einem langen Tag in der Sonne und beim Surfen bei einer beruhigenden Yoga-Sitzung. Erleben Sie die ultimative Harmonie von K\u00f6rper und Seele am Vergina Beach.<\/p>\t\t\t\t\t\t<\/div>\n\t\t\t\t<\/div>\n\t\t\t\t\t<\/div>\n\t\t<\/div>\n\t\t\t\t<div class=\"elementor-column elementor-col-50 elementor-top-column elementor-element elementor-element-bc9cab6\" data-id=\"bc9cab6\" data-element_type=\"column\">\n\t\t\t<div class=\"elementor-widget-wrap elementor-element-populated\">\n\t\t\t\t\t\t\t\t<div class=\"elementor-element elementor-element-a3a424e vh-dest-img elementor-widget elementor-widget-image\" data-id=\"a3a424e\" data-element_type=\"widget\" data-widget_type=\"image.default\">\n\t\t\t\t<div class=\"elementor-widget-container\">\n\t\t\t\t\t\t\t\t\t\t\t\t\t\t\t<img loading=\"lazy\" decoding=\"async\" width=\"800\" height=\"534\" src=\"https:\/\/www.verginahotelcrete.gr\/wp-content\/uploads\/2023\/06\/yoga-1024x683.jpg\" class=\"attachment-large size-large wp-image-9815\" alt=\"\" srcset=\"https:\/\/www.verginahotelcrete.gr\/wp-content\/uploads\/2023\/06\/yoga-1024x683.jpg 1024w, https:\/\/www.verginahotelcrete.gr\/wp-content\/uploads\/2023\/06\/yoga-300x200.jpg 300w, https:\/\/www.verginahotelcrete.gr\/wp-content\/uploads\/2023\/06\/yoga-768x512.jpg 768w, https:\/\/www.verginahotelcrete.gr\/wp-content\/uploads\/2023\/06\/yoga.jpg 1200w\" sizes=\"auto, (max-width: 800px) 100vw, 800px\" \/>\t\t\t\t\t\t\t\t\t\t\t\t\t\t\t<\/div>\n\t\t\t\t<\/div>\n\t\t\t\t\t<\/div>\n\t\t<\/div>\n\t\t\t\t\t\t\t<\/div>\n\t\t<\/section>\n\t\t\t\t\t\t\t<\/div>\n\t\t","protected":false},"excerpt":{"rendered":"<p>POOL &#038; PRIVATER POOLBEREICH G\u00f6nnen Sie sich ein erfrischendes Bad im herrlichen Poolbereich des Vergina Beach Resorts. Umgeben von mediterraner Vegetation und atemberaubender Aussicht auf das \u00c4g\u00e4ische Meer ist unser Hauptpool der perfekte Ort zum Entspannen und Sonnenbaden. Nehmen Sie ein erfrischendes Bad, entspannen Sie sich auf einer unserer bequemen Sonnenliegen oder genie\u00dfen Sie einfach [&hellip;]<\/p>\n","protected":false},"author":1,"featured_media":0,"parent":0,"menu_order":0,"comment_status":"closed","ping_status":"closed","template":"elementor_header_footer","meta":{"_seopress_robots_primary_cat":"","footnotes":""},"class_list":["post-10243","page","type-page","status-publish","hentry"],"acf":[],"_links":{"self":[{"href":"https:\/\/www.verginahotelcrete.gr\/de\/wp-json\/wp\/v2\/pages\/10243","targetHints":{"allow":["GET"]}}],"collection":[{"href":"https:\/\/www.verginahotelcrete.gr\/de\/wp-json\/wp\/v2\/pages"}],"about":[{"href":"https:\/\/www.verginahotelcrete.gr\/de\/wp-json\/wp\/v2\/types\/page"}],"author":[{"embeddable":true,"href":"https:\/\/www.verginahotelcrete.gr\/de\/wp-json\/wp\/v2\/users\/1"}],"replies":[{"embeddable":true,"href":"https:\/\/www.verginahotelcrete.gr\/de\/wp-json\/wp\/v2\/comments?post=10243"}],"version-history":[{"count":18,"href":"https:\/\/www.verginahotelcrete.gr\/de\/wp-json\/wp\/v2\/pages\/10243\/revisions"}],"predecessor-version":[{"id":12050,"href":"https:\/\/www.verginahotelcrete.gr\/de\/wp-json\/wp\/v2\/pages\/10243\/revisions\/12050"}],"wp:attachment":[{"href":"https:\/\/www.verginahotelcrete.gr\/de\/wp-json\/wp\/v2\/media?parent=10243"}],"curies":[{"name":"wp","href":"https:\/\/api.w.org\/{rel}","templated":true}]}}