{"id":10265,"date":"2023-02-02T15:00:37","date_gmt":"2023-02-02T13:00:37","guid":{"rendered":"https:\/\/www.verginahotelcrete.gr\/cookies-policy\/"},"modified":"2023-08-01T15:59:48","modified_gmt":"2023-08-01T12:59:48","slug":"cookie-richtlinie","status":"publish","type":"page","link":"https:\/\/www.verginahotelcrete.gr\/de\/cookie-richtlinie\/","title":{"rendered":"Cookie-Richtlinie"},"content":{"rendered":"\t\t<div data-elementor-type=\"wp-page\" data-elementor-id=\"10265\" class=\"elementor elementor-10265 elementor-5274\">\n\t\t\t\t\t\t\t\t\t<section class=\"elementor-section elementor-top-section elementor-element elementor-element-01667b2 vh-gdpr-pages-section elementor-section-full_width elementor-section-height-default elementor-section-height-default\" data-id=\"01667b2\" data-element_type=\"section\">\n\t\t\t\t\t\t<div class=\"elementor-container elementor-column-gap-default\">\n\t\t\t\t\t<div class=\"elementor-column elementor-col-100 elementor-top-column elementor-element elementor-element-1aac37f\" data-id=\"1aac37f\" data-element_type=\"column\">\n\t\t\t<div class=\"elementor-widget-wrap elementor-element-populated\">\n\t\t\t\t\t\t\t\t<div class=\"elementor-element elementor-element-be84e80 elementor-widget__width-inherit elementor-widget elementor-widget-heading\" data-id=\"be84e80\" data-element_type=\"widget\" data-widget_type=\"heading.default\">\n\t\t\t\t<div class=\"elementor-widget-container\">\n\t\t\t<style>\/*! elementor - v3.10.1 - 17-01-2023 *\/\n.elementor-heading-title{padding:0;margin:0;line-height:1}.elementor-widget-heading .elementor-heading-title[class*=elementor-size-]>a{color:inherit;font-size:inherit;line-height:inherit}.elementor-widget-heading .elementor-heading-title.elementor-size-small{font-size:15px}.elementor-widget-heading .elementor-heading-title.elementor-size-medium{font-size:19px}.elementor-widget-heading .elementor-heading-title.elementor-size-large{font-size:29px}.elementor-widget-heading .elementor-heading-title.elementor-size-xl{font-size:39px}.elementor-widget-heading .elementor-heading-title.elementor-size-xxl{font-size:59px}<\/style><h2 class=\"elementor-heading-title elementor-size-default\">Cookie-Richtlinie<\/h2>\t\t<\/div>\n\t\t\t\t<\/div>\n\t\t\t\t<div class=\"elementor-element elementor-element-a9707fa elementor-widget elementor-widget-text-editor\" data-id=\"a9707fa\" data-element_type=\"widget\" data-widget_type=\"text-editor.default\">\n\t\t\t\t<div class=\"elementor-widget-container\">\n\t\t\t<style>\/*! elementor - v3.10.1 - 17-01-2023 *\/\n.elementor-widget-text-editor.elementor-drop-cap-view-stacked .elementor-drop-cap{background-color:#818a91;color:#fff}.elementor-widget-text-editor.elementor-drop-cap-view-framed .elementor-drop-cap{color:#818a91;border:3px solid;background-color:transparent}.elementor-widget-text-editor:not(.elementor-drop-cap-view-default) .elementor-drop-cap{margin-top:8px}.elementor-widget-text-editor:not(.elementor-drop-cap-view-default) .elementor-drop-cap-letter{width:1em;height:1em}.elementor-widget-text-editor .elementor-drop-cap{float:left;text-align:center;line-height:1;font-size:50px}.elementor-widget-text-editor .elementor-drop-cap-letter{display:inline-block}<\/style>\t\t\t\t<div class=\"gdpr-texts\"><p>Um die reibungslose Funktionsweise der Website zu gew\u00e4hrleisten, legen wir manchmal kleine Dateien auf Ihren Computer, die so genannten Cookies.<\/p><h3>Was sind Cookies?<\/h3><p>Cookies sind kleine Dateien, die eine Website beim Besuch unserer Website auf Ihrem Computer oder mobilen Ger\u00e4t speichert. Auf diese Weise speichert die Website Ihre Aktionen und Pr\u00e4ferenzen (f\u00fcr einen bestimmten Zeitraum), sodass Sie diese Einstellungen nicht bei jedem Besuch unserer Website eingeben m\u00fcssen.<\/p><h3>Wie verwenden wir Cookies?<\/h3><p>Einige unserer Seiten verwenden Cookies, die nicht unbedingt f\u00fcr den Betrieb der Website erforderlich sind, bieten jedoch bessere Navigationsfunktionen. Sie k\u00f6nnen diese Cookies l\u00f6schen oder deren Platzierung blockieren, aber wenn Sie dies tun, funktionieren bestimmte Website-Funktionen m\u00f6glicherweise nicht wie gew\u00fcnscht. Diese Cookies werden verwendet, um Folgendes zu merken:<\/p><ul><li>Ihre Anzeigeeinstellungen wie Navigationssprache, Farbkontrast, Schriftgr\u00f6\u00dfe, verwendetes Ger\u00e4t und Voreinstellungen f\u00fcr Suchergebnisse und Benachrichtigungen.<\/li><li>Besuche auf unserer Website (f\u00fcr statistische Zwecke)<\/li><li>ob Sie der Verwendung von Cookies auf dieser Website zustimmen (oder nicht).<\/li><\/ul><p>Wenn ein Video auf unseren Seiten eingebettet ist, verwenden diese normalerweise einen \u201eCookie\u201c, um anonyme Statistiken dar\u00fcber zu erhalten, wie Sie zu diesem Punkt gekommen sind und welche Videos Sie besucht haben.<\/p><h3>Private Daten<\/h3><p>Cookie-bezogene Informationen werden nicht zur Identifizierung von Benutzern oder Benutzerinformationen verwendet. Cookies werden nicht f\u00fcr andere Zwecke als die hier beschriebenen verwendet.<\/p><h3>Wie man Cookies kontrolliert<\/h3><p>Sie k\u00f6nnen Cookies jederzeit kontrollieren und \/ oder l\u00f6schen. Sie k\u00f6nnen alle auf Ihrem Computer bereits vorhandenen Cookies l\u00f6schen und die meisten Browser so konfigurieren, dass das Platzieren von Cookies verhindert wird. In diesem Fall m\u00fcssen Sie jedoch m\u00f6glicherweise bestimmte Einstellungen bei jedem Besuch einer Website manuell anpassen, und einige Dienste funktionieren m\u00f6glicherweise nicht.<\/p><h3>Verweigerung von Cookies<\/h3><p>Sie k\u00f6nnen auf dieser Seite Cookies akzeptieren, indem Sie die richtige Wahl treffen oder ablehnen (und nicht akzeptieren).<\/p><\/div>\t\t\t\t\t\t<\/div>\n\t\t\t\t<\/div>\n\t\t\t\t\t<\/div>\n\t\t<\/div>\n\t\t\t\t\t\t\t<\/div>\n\t\t<\/section>\n\t\t\t\t\t\t\t<\/div>\n\t\t","protected":false},"excerpt":{"rendered":"<p>Um die reibungslose Funktionsweise der Website zu gew\u00e4hrleisten, legen wir manchmal kleine Dateien auf Ihren Computer, die so genannten Cookies. Was sind Cookies? Cookies sind kleine Dateien, die eine Website beim Besuch unserer Website auf Ihrem Computer oder mobilen Ger\u00e4t speichert. Auf diese Weise speichert die Website Ihre Aktionen und Pr\u00e4ferenzen (f\u00fcr einen bestimmten Zeitraum), [&hellip;]<\/p>\n","protected":false},"author":1,"featured_media":0,"parent":0,"menu_order":0,"comment_status":"closed","ping_status":"closed","template":"elementor_header_footer","meta":{"_seopress_robots_primary_cat":"","footnotes":""},"class_list":["post-10265","page","type-page","status-publish","hentry"],"acf":[],"_links":{"self":[{"href":"https:\/\/www.verginahotelcrete.gr\/de\/wp-json\/wp\/v2\/pages\/10265","targetHints":{"allow":["GET"]}}],"collection":[{"href":"https:\/\/www.verginahotelcrete.gr\/de\/wp-json\/wp\/v2\/pages"}],"about":[{"href":"https:\/\/www.verginahotelcrete.gr\/de\/wp-json\/wp\/v2\/types\/page"}],"author":[{"embeddable":true,"href":"https:\/\/www.verginahotelcrete.gr\/de\/wp-json\/wp\/v2\/users\/1"}],"replies":[{"embeddable":true,"href":"https:\/\/www.verginahotelcrete.gr\/de\/wp-json\/wp\/v2\/comments?post=10265"}],"version-history":[{"count":6,"href":"https:\/\/www.verginahotelcrete.gr\/de\/wp-json\/wp\/v2\/pages\/10265\/revisions"}],"predecessor-version":[{"id":10277,"href":"https:\/\/www.verginahotelcrete.gr\/de\/wp-json\/wp\/v2\/pages\/10265\/revisions\/10277"}],"wp:attachment":[{"href":"https:\/\/www.verginahotelcrete.gr\/de\/wp-json\/wp\/v2\/media?parent=10265"}],"curies":[{"name":"wp","href":"https:\/\/api.w.org\/{rel}","templated":true}]}}