{"id":12350,"date":"2026-01-13T10:36:16","date_gmt":"2026-01-13T08:36:16","guid":{"rendered":"https:\/\/www.verginahotelcrete.gr\/sustainability\/"},"modified":"2026-02-19T09:07:51","modified_gmt":"2026-02-19T07:07:51","slug":"nachhaltigkeit","status":"publish","type":"page","link":"https:\/\/www.verginahotelcrete.gr\/de\/nachhaltigkeit\/","title":{"rendered":"Nachhaltigkeit"},"content":{"rendered":"\t\t<div data-elementor-type=\"wp-page\" data-elementor-id=\"12350\" class=\"elementor elementor-12350 elementor-12252\">\n\t\t\t\t\t\t\t\t\t<section class=\"elementor-section elementor-top-section elementor-element elementor-element-13808d5 elementor-section-full_width elementor-section-height-min-height elementor-section-items-bottom elementor-section-content-middle vh-archive-header elementor-section-height-default\" data-id=\"13808d5\" data-element_type=\"section\" data-settings=\"{&quot;background_background&quot;:&quot;classic&quot;}\">\n\t\t\t\t\t\t<div class=\"elementor-container elementor-column-gap-default\">\n\t\t\t\t\t<div class=\"elementor-column elementor-col-100 elementor-top-column elementor-element elementor-element-f5891ad vh-banner-heading\" data-id=\"f5891ad\" data-element_type=\"column\">\n\t\t\t<div class=\"elementor-widget-wrap elementor-element-populated\">\n\t\t\t\t\t\t\t\t<div class=\"elementor-element elementor-element-13f8ffe elementor-widget elementor-widget-heading\" data-id=\"13f8ffe\" data-element_type=\"widget\" data-widget_type=\"heading.default\">\n\t\t\t\t<div class=\"elementor-widget-container\">\n\t\t\t<style>\/*! elementor - v3.10.1 - 17-01-2023 *\/\n.elementor-heading-title{padding:0;margin:0;line-height:1}.elementor-widget-heading .elementor-heading-title[class*=elementor-size-]>a{color:inherit;font-size:inherit;line-height:inherit}.elementor-widget-heading .elementor-heading-title.elementor-size-small{font-size:15px}.elementor-widget-heading .elementor-heading-title.elementor-size-medium{font-size:19px}.elementor-widget-heading .elementor-heading-title.elementor-size-large{font-size:29px}.elementor-widget-heading .elementor-heading-title.elementor-size-xl{font-size:39px}.elementor-widget-heading .elementor-heading-title.elementor-size-xxl{font-size:59px}<\/style><h1 class=\"elementor-heading-title elementor-size-default\">Nachhaltigkeit<\/h1>\t\t<\/div>\n\t\t\t\t<\/div>\n\t\t\t\t\t<\/div>\n\t\t<\/div>\n\t\t\t\t\t\t\t<\/div>\n\t\t<\/section>\n\t\t\t\t<section class=\"elementor-section elementor-top-section elementor-element elementor-element-6aa6e425 vh-travelhelper-mapsection elementor-section-boxed elementor-section-height-default elementor-section-height-default\" data-id=\"6aa6e425\" data-element_type=\"section\">\n\t\t\t\t\t\t<div class=\"elementor-container elementor-column-gap-no\">\n\t\t\t\t\t<div class=\"elementor-column elementor-col-100 elementor-top-column elementor-element elementor-element-47625841\" data-id=\"47625841\" data-element_type=\"column\">\n\t\t\t<div class=\"elementor-widget-wrap elementor-element-populated\">\n\t\t\t\t\t\t\t\t<section class=\"elementor-section elementor-inner-section elementor-element elementor-element-94332df elementor-section-full_width elementor-section-content-top elementor-section-height-default elementor-section-height-default\" data-id=\"94332df\" data-element_type=\"section\">\n\t\t\t\t\t\t<div class=\"elementor-container elementor-column-gap-default\">\n\t\t\t\t\t<div class=\"elementor-column elementor-col-50 elementor-inner-column elementor-element elementor-element-3ccec97\" data-id=\"3ccec97\" data-element_type=\"column\">\n\t\t\t<div class=\"elementor-widget-wrap elementor-element-populated\">\n\t\t\t\t\t\t\t\t<div class=\"elementor-element elementor-element-6709433c elementor-widget__width-inherit vh-accomm-text elementor-widget elementor-widget-text-editor\" data-id=\"6709433c\" data-element_type=\"widget\" data-widget_type=\"text-editor.default\">\n\t\t\t\t<div class=\"elementor-widget-container\">\n\t\t\t<style>\/*! elementor - v3.10.1 - 17-01-2023 *\/\n.elementor-widget-text-editor.elementor-drop-cap-view-stacked .elementor-drop-cap{background-color:#818a91;color:#fff}.elementor-widget-text-editor.elementor-drop-cap-view-framed .elementor-drop-cap{color:#818a91;border:3px solid;background-color:transparent}.elementor-widget-text-editor:not(.elementor-drop-cap-view-default) .elementor-drop-cap{margin-top:8px}.elementor-widget-text-editor:not(.elementor-drop-cap-view-default) .elementor-drop-cap-letter{width:1em;height:1em}.elementor-widget-text-editor .elementor-drop-cap{float:left;text-align:center;line-height:1;font-size:50px}.elementor-widget-text-editor .elementor-drop-cap-letter{display:inline-block}<\/style>\t\t\t\t<p><em><strong> Nachhaltigkeit im Vergina Beach Resort <\/strong><\/em><\/p><p>Im Vergina Beach Resort ist Nachhaltigkeit kein Trend \u2013 sondern eine Haltung.<br \/>Wir sind \u00fcberzeugt, dass echte Gastfreundschaft die Natur respektieren, lokale \u00d6kosysteme unterst\u00fctzen und der Welt um uns herum etwas zur\u00fcckgeben sollte. Unser Ziel ist einfach: unvergessliche Erlebnisse zu bieten und gleichzeitig unseren \u00f6kologischen Fu\u00dfabdruck so klein wie m\u00f6glich zu halten.<\/p><p>Direkt an der K\u00fcste gelegen, f\u00fchlen wir uns in besonderem Ma\u00dfe verpflichtet, die nat\u00fcrliche Sch\u00f6nheit, die uns umgibt, zu sch\u00fctzen. Jede Entscheidung, die wir treffen \u2013 vom Energieeinsatz bis hin zu den t\u00e4glichen Abl\u00e4ufen \u2013 wird von dieser Philosophie geleitet.<\/p><p style=\"margin-top: 20px; margin-bottom: 10px;\">Unser Engagement in der Praxis<\/p><ul style=\"padding-left: 15px;\"><li>Erneuerbare Energien, Energie- &amp; Wassereffizienz<br \/>Das Resort betreibt Photovoltaikanlagen in Kombination mit Solarthermie und hocheffizienten W\u00e4rmepumpen zur Warmwasserbereitung. Der Energieverbrauch wird in Echtzeit \u00fcberwacht und optimiert, wodurch sowohl der Energieverbrauch als auch die Wasserverschwendung deutlich reduziert werden \u2013 bei gleichzeitig hohem G\u00e4stekomfort.<\/li><li>Ladestationen f\u00fcr Elektrofahrzeuge<br \/>Wir bieten Ladestationen f\u00fcr Elektrofahrzeuge an, unterst\u00fctzen emissionsarme Mobilit\u00e4t und f\u00f6rdern nachhaltigere Reiseentscheidungen.<\/li><li>Schutz der Meeresfauna<br \/>Wir unterst\u00fctzen aktiv den Schutz von Meeresschildkr\u00f6ten durch Adoptionsprogramme mit lokalen Umweltorganisationen und tragen so zum Erhalt der Caretta-Caretta-Schildkr\u00f6ten bei, die an unserer K\u00fcste nisten.<\/li><li>Reduzierung von Plastik<br \/>Einwegplastik wurde im gesamten Resort durch nachf\u00fcllbare Pflegeprodukte und wiederverwendbare L\u00f6sungen ersetzt.<\/li><li>Recycling &amp; Kompostierung<br \/>Wir wenden t\u00e4glich sorgf\u00e4ltig organisierte Recyclingverfahren an und kompostieren organische Abf\u00e4lle, um Deponiemengen zu reduzieren und einen ressourcenschonenden Kreislauf zu f\u00f6rdern.<\/li><li>Energieeffiziente Beleuchtung<br \/>Die gesamte Innen- und Au\u00dfenbeleuchtung basiert auf energieeffizienter LED-Technologie.<\/li><\/ul><p style=\"margin-top: 20px; margin-bottom: 10px;\">Zur\u00fcckgeben<\/p><p>Nachhaltigkeit bedeutet f\u00fcr uns auch soziale Verantwortung. Wir unterst\u00fctzen und spenden aktiv an internationale humanit\u00e4re und \u00f6kologische Organisationen, darunter Initiativen f\u00fcr sauberes Trinkwasser, humanit\u00e4re Hilfe und medizinische Unterst\u00fctzung weltweit.<\/p><p style=\"margin-top: 20px; margin-bottom: 10px;\">Unsere Philosophie<\/p><p>Nachhaltigkeit im Vergina Beach Resort ist ein kontinuierlicher Prozess.<br \/>Durch bewusste Investitionen, verantwortungsvolle Betriebsf\u00fchrung und Respekt gegen\u00fcber Natur und Mensch wollen wir Teil einer nachhaltigeren Zukunft der Hotellerie sein.<\/p>\t\t\t\t\t\t<\/div>\n\t\t\t\t<\/div>\n\t\t\t\t\t<\/div>\n\t\t<\/div>\n\t\t\t\t<div class=\"elementor-column elementor-col-50 elementor-inner-column elementor-element elementor-element-89e6a6b\" data-id=\"89e6a6b\" data-element_type=\"column\">\n\t\t\t<div class=\"elementor-widget-wrap elementor-element-populated\">\n\t\t\t\t\t\t\t\t<div class=\"elementor-element elementor-element-a34262f elementor-widget__width-inherit bdt-navigation-type-arrows elementor-widget elementor-widget-bdt-advanced-image-gallery\" data-id=\"a34262f\" data-element_type=\"widget\" data-widget_type=\"bdt-advanced-image-gallery.bdt-carousel\">\n\t\t\t\t<div class=\"elementor-widget-container\">\n\t\t\t\t\t<div class=\" bdt-arrows-align-bottom-right \" data-bdt-slider=\"{&quot;autoplay&quot;:false,&quot;autoplay-interval&quot;:null,&quot;finite&quot;:false,&quot;pause-on-hover&quot;:false,&quot;center&quot;:true,&quot;sets&quot;:false}\">\r\n\t\t\t<div id=\"bdt-avdg-a34262f\" class=\"bdt-advanced-image-gallery bdt-skin-carousel bdt-grid bdt-grid-small bdt-slider-items bdt-child-width-1- bdt-child-width-1-1@s bdt-child-width-1-1@m\" data-bdt-grid=\"\" data-bdt-lightbox=\"animation: slide\" data-settings=\"{&quot;id&quot;:&quot;#bdt-avdg-a34262f&quot;,&quot;tiltShow&quot;:false}\">\r\n\t\t\t\t\t\t\r\n\t\t\t<div class=\"bdt-gallery-item bdt-transition-toggle\">\r\n\t\t\t\t<div class=\"bdt-advanced-image-gallery-inner bdt-image-mask\">\r\n\t\t\t\t\t<div class=\"bdt-gallery-thumbnail bdt-transition-toggle\">\n\t\t\t<img decoding=\"async\"  src=\"https:\/\/www.verginahotelcrete.gr\/wp-content\/uploads\/2026\/01\/\u2014Pngtree\u2014sustainable-energy-solutions-for-a_19881395.jpg\" alt=\"\u2014Pngtree\u2014sustainable energy solutions for a_19881395\" class=\"jgalleryImage\">\n\t\t<\/div>\t\t<div class=\"bdt-position-cover bdt-overlay bdt-overlay-default bdt-transition-fade\">\n\t\t\t<div class=\"bdt-advanced-image-gallery-content\">\n\t\t\t\t<div class=\"bdt-advanced-image-gallery-content-inner\">\n\t\t\t\t\n\t\t\t\t\t\t\t\t\t\t\t\t\t\t\t\t<div class=\"bdt-flex-inline bdt-gallery-item-link-wrapper\">\n\t\t\t\t\t\t\t<a class=\"bdt-gallery-item-link elementor-clickable icon-type-icon\" data-elementor-open-lightbox=\"no\" data-caption=\"\" href=\"https:\/\/www.verginahotelcrete.gr\/wp-content\/uploads\/2026\/01\/\u2014Pngtree\u2014sustainable-energy-solutions-for-a_19881395.jpg\">\n\t\t\t\t\t\t\t\t\n\t\t\t\t\t\t\t\t\t\t\t\t\t\t\t\t\t\t\t<span>\n\t\t\t\t\t\t\t\t\t\t\t<i class=\"ep-icon-plus-2\"><\/i>\n\t\t\t\t\t\t\t\t\t\t<\/span>\n\t\t\t\t\t\t\t\t\t\n\t\t\t\t\t\t\t\t\t\t\t\t\t\t\t<\/a>\n\t\t\t\t\t\t<\/div>\n\t\t\t\t\t\n\t\t\t\t\t\t\t\t\t<\/div>\n\t\t\t<\/div>\n\t\t<\/div>\n\t\t\t\t\t\t<\/div>\r\n\r\n\t\t\t\t\t\t\t<\/div>\r\n\r\n\t\t\t\t\t\t\r\n\t\t\t<div class=\"bdt-gallery-item bdt-transition-toggle\">\r\n\t\t\t\t<div class=\"bdt-advanced-image-gallery-inner bdt-image-mask\">\r\n\t\t\t\t\t<div class=\"bdt-gallery-thumbnail bdt-transition-toggle\">\n\t\t\t<img decoding=\"async\"  src=\"https:\/\/www.verginahotelcrete.gr\/wp-content\/uploads\/2026\/01\/environmental-social-governance-2044070501-632x421-1.jpg\" alt=\"environmental-social-governance-2044070501-632x421\" class=\"jgalleryImage\">\n\t\t<\/div>\t\t<div class=\"bdt-position-cover bdt-overlay bdt-overlay-default bdt-transition-fade\">\n\t\t\t<div class=\"bdt-advanced-image-gallery-content\">\n\t\t\t\t<div class=\"bdt-advanced-image-gallery-content-inner\">\n\t\t\t\t\n\t\t\t\t\t\t\t\t\t\t\t\t\t\t\t\t<div class=\"bdt-flex-inline bdt-gallery-item-link-wrapper\">\n\t\t\t\t\t\t\t<a class=\"bdt-gallery-item-link elementor-clickable icon-type-icon\" data-elementor-open-lightbox=\"no\" data-caption=\"\" href=\"https:\/\/www.verginahotelcrete.gr\/wp-content\/uploads\/2026\/01\/environmental-social-governance-2044070501-632x421-1.jpg\">\n\t\t\t\t\t\t\t\t\n\t\t\t\t\t\t\t\t\t\t\t\t\t\t\t\t\t\t\t<span>\n\t\t\t\t\t\t\t\t\t\t\t<i class=\"ep-icon-plus-2\"><\/i>\n\t\t\t\t\t\t\t\t\t\t<\/span>\n\t\t\t\t\t\t\t\t\t\n\t\t\t\t\t\t\t\t\t\t\t\t\t\t\t<\/a>\n\t\t\t\t\t\t<\/div>\n\t\t\t\t\t\n\t\t\t\t\t\t\t\t\t<\/div>\n\t\t\t<\/div>\n\t\t<\/div>\n\t\t\t\t\t\t<\/div>\r\n\r\n\t\t\t\t\t\t\t<\/div>\r\n\r\n\t\t\t\t\t\t\r\n\t\t\t<div class=\"bdt-gallery-item bdt-transition-toggle\">\r\n\t\t\t\t<div class=\"bdt-advanced-image-gallery-inner bdt-image-mask\">\r\n\t\t\t\t\t<div class=\"bdt-gallery-thumbnail bdt-transition-toggle\">\n\t\t\t<img decoding=\"async\"  src=\"https:\/\/www.verginahotelcrete.gr\/wp-content\/uploads\/2026\/01\/george-pagan-iii-tDJWXoLYMhg-unsplash.jpg\" alt=\"george-pagan-iii-tDJWXoLYMhg-unsplash\" class=\"jgalleryImage\">\n\t\t<\/div>\t\t<div class=\"bdt-position-cover bdt-overlay bdt-overlay-default bdt-transition-fade\">\n\t\t\t<div class=\"bdt-advanced-image-gallery-content\">\n\t\t\t\t<div class=\"bdt-advanced-image-gallery-content-inner\">\n\t\t\t\t\n\t\t\t\t\t\t\t\t\t\t\t\t\t\t\t\t<div class=\"bdt-flex-inline bdt-gallery-item-link-wrapper\">\n\t\t\t\t\t\t\t<a class=\"bdt-gallery-item-link elementor-clickable icon-type-icon\" data-elementor-open-lightbox=\"no\" data-caption=\"\" href=\"https:\/\/www.verginahotelcrete.gr\/wp-content\/uploads\/2026\/01\/george-pagan-iii-tDJWXoLYMhg-unsplash.jpg\">\n\t\t\t\t\t\t\t\t\n\t\t\t\t\t\t\t\t\t\t\t\t\t\t\t\t\t\t\t<span>\n\t\t\t\t\t\t\t\t\t\t\t<i class=\"ep-icon-plus-2\"><\/i>\n\t\t\t\t\t\t\t\t\t\t<\/span>\n\t\t\t\t\t\t\t\t\t\n\t\t\t\t\t\t\t\t\t\t\t\t\t\t\t<\/a>\n\t\t\t\t\t\t<\/div>\n\t\t\t\t\t\n\t\t\t\t\t\t\t\t\t<\/div>\n\t\t\t<\/div>\n\t\t<\/div>\n\t\t\t\t\t\t<\/div>\r\n\r\n\t\t\t\t\t\t\t<\/div>\r\n\r\n\t\t\t\t\t\t\r\n\t\t\t<div class=\"bdt-gallery-item bdt-transition-toggle\">\r\n\t\t\t\t<div class=\"bdt-advanced-image-gallery-inner bdt-image-mask\">\r\n\t\t\t\t\t<div class=\"bdt-gallery-thumbnail bdt-transition-toggle\">\n\t\t\t<img decoding=\"async\"  src=\"https:\/\/www.verginahotelcrete.gr\/wp-content\/uploads\/2026\/01\/pngtree-sustainable-energy-concept-depicting-eco-friendly-practices-of-green-living-for-image_17316808.jpg\" alt=\"pngtree-sustainable-energy-concept-depicting-eco-friendly-practices-of-green-living-for-image_17316808\" class=\"jgalleryImage\">\n\t\t<\/div>\t\t<div class=\"bdt-position-cover bdt-overlay bdt-overlay-default bdt-transition-fade\">\n\t\t\t<div class=\"bdt-advanced-image-gallery-content\">\n\t\t\t\t<div class=\"bdt-advanced-image-gallery-content-inner\">\n\t\t\t\t\n\t\t\t\t\t\t\t\t\t\t\t\t\t\t\t\t<div class=\"bdt-flex-inline bdt-gallery-item-link-wrapper\">\n\t\t\t\t\t\t\t<a class=\"bdt-gallery-item-link elementor-clickable icon-type-icon\" data-elementor-open-lightbox=\"no\" data-caption=\"\" href=\"https:\/\/www.verginahotelcrete.gr\/wp-content\/uploads\/2026\/01\/pngtree-sustainable-energy-concept-depicting-eco-friendly-practices-of-green-living-for-image_17316808.jpg\">\n\t\t\t\t\t\t\t\t\n\t\t\t\t\t\t\t\t\t\t\t\t\t\t\t\t\t\t\t<span>\n\t\t\t\t\t\t\t\t\t\t\t<i class=\"ep-icon-plus-2\"><\/i>\n\t\t\t\t\t\t\t\t\t\t<\/span>\n\t\t\t\t\t\t\t\t\t\n\t\t\t\t\t\t\t\t\t\t\t\t\t\t\t<\/a>\n\t\t\t\t\t\t<\/div>\n\t\t\t\t\t\n\t\t\t\t\t\t\t\t\t<\/div>\n\t\t\t<\/div>\n\t\t<\/div>\n\t\t\t\t\t\t<\/div>\r\n\r\n\t\t\t\t\t\t\t<\/div>\r\n\r\n\t\t\t\t\t\t\r\n\t\t\t<div class=\"bdt-gallery-item bdt-transition-toggle\">\r\n\t\t\t\t<div class=\"bdt-advanced-image-gallery-inner bdt-image-mask\">\r\n\t\t\t\t\t<div class=\"bdt-gallery-thumbnail bdt-transition-toggle\">\n\t\t\t<img decoding=\"async\"  src=\"https:\/\/www.verginahotelcrete.gr\/wp-content\/uploads\/2026\/01\/premium_vector-1718815211233-10dfdda70419.jpg\" alt=\"premium_vector-1718815211233-10dfdda70419\" class=\"jgalleryImage\">\n\t\t<\/div>\t\t<div class=\"bdt-position-cover bdt-overlay bdt-overlay-default bdt-transition-fade\">\n\t\t\t<div class=\"bdt-advanced-image-gallery-content\">\n\t\t\t\t<div class=\"bdt-advanced-image-gallery-content-inner\">\n\t\t\t\t\n\t\t\t\t\t\t\t\t\t\t\t\t\t\t\t\t<div class=\"bdt-flex-inline bdt-gallery-item-link-wrapper\">\n\t\t\t\t\t\t\t<a class=\"bdt-gallery-item-link elementor-clickable icon-type-icon\" data-elementor-open-lightbox=\"no\" data-caption=\"\" href=\"https:\/\/www.verginahotelcrete.gr\/wp-content\/uploads\/2026\/01\/premium_vector-1718815211233-10dfdda70419.jpg\">\n\t\t\t\t\t\t\t\t\n\t\t\t\t\t\t\t\t\t\t\t\t\t\t\t\t\t\t\t<span>\n\t\t\t\t\t\t\t\t\t\t\t<i class=\"ep-icon-plus-2\"><\/i>\n\t\t\t\t\t\t\t\t\t\t<\/span>\n\t\t\t\t\t\t\t\t\t\n\t\t\t\t\t\t\t\t\t\t\t\t\t\t\t<\/a>\n\t\t\t\t\t\t<\/div>\n\t\t\t\t\t\n\t\t\t\t\t\t\t\t\t<\/div>\n\t\t\t<\/div>\n\t\t<\/div>\n\t\t\t\t\t\t<\/div>\r\n\r\n\t\t\t\t\t\t\t<\/div>\r\n\r\n\t\t\t\t\t\t\r\n\t\t\t<div class=\"bdt-gallery-item bdt-transition-toggle\">\r\n\t\t\t\t<div class=\"bdt-advanced-image-gallery-inner bdt-image-mask\">\r\n\t\t\t\t\t<div class=\"bdt-gallery-thumbnail bdt-transition-toggle\">\n\t\t\t<img decoding=\"async\"  src=\"https:\/\/www.verginahotelcrete.gr\/wp-content\/uploads\/2026\/01\/bigdata-e-greendata-1920x1080-1-980x551-1.jpg\" alt=\"bigdata-e-greendata-1920x1080-1-980x551\" class=\"jgalleryImage\">\n\t\t<\/div>\t\t<div class=\"bdt-position-cover bdt-overlay bdt-overlay-default bdt-transition-fade\">\n\t\t\t<div class=\"bdt-advanced-image-gallery-content\">\n\t\t\t\t<div class=\"bdt-advanced-image-gallery-content-inner\">\n\t\t\t\t\n\t\t\t\t\t\t\t\t\t\t\t\t\t\t\t\t<div class=\"bdt-flex-inline bdt-gallery-item-link-wrapper\">\n\t\t\t\t\t\t\t<a class=\"bdt-gallery-item-link elementor-clickable icon-type-icon\" data-elementor-open-lightbox=\"no\" data-caption=\"\" href=\"https:\/\/www.verginahotelcrete.gr\/wp-content\/uploads\/2026\/01\/bigdata-e-greendata-1920x1080-1-980x551-1.jpg\">\n\t\t\t\t\t\t\t\t\n\t\t\t\t\t\t\t\t\t\t\t\t\t\t\t\t\t\t\t<span>\n\t\t\t\t\t\t\t\t\t\t\t<i class=\"ep-icon-plus-2\"><\/i>\n\t\t\t\t\t\t\t\t\t\t<\/span>\n\t\t\t\t\t\t\t\t\t\n\t\t\t\t\t\t\t\t\t\t\t\t\t\t\t<\/a>\n\t\t\t\t\t\t<\/div>\n\t\t\t\t\t\n\t\t\t\t\t\t\t\t\t<\/div>\n\t\t\t<\/div>\n\t\t<\/div>\n\t\t\t\t\t\t<\/div>\r\n\r\n\t\t\t\t\t\t\t<\/div>\r\n\r\n\t\t\t\t\t\t\r\n\t\t\t<div class=\"bdt-gallery-item bdt-transition-toggle\">\r\n\t\t\t\t<div class=\"bdt-advanced-image-gallery-inner bdt-image-mask\">\r\n\t\t\t\t\t<div class=\"bdt-gallery-thumbnail bdt-transition-toggle\">\n\t\t\t<img decoding=\"async\"  src=\"https:\/\/www.verginahotelcrete.gr\/wp-content\/uploads\/2026\/01\/recycling-bins-sandy-beach.jpg\" alt=\"recycling-bins-sandy-beach\" class=\"jgalleryImage\">\n\t\t<\/div>\t\t<div class=\"bdt-position-cover bdt-overlay bdt-overlay-default bdt-transition-fade\">\n\t\t\t<div class=\"bdt-advanced-image-gallery-content\">\n\t\t\t\t<div class=\"bdt-advanced-image-gallery-content-inner\">\n\t\t\t\t\n\t\t\t\t\t\t\t\t\t\t\t\t\t\t\t\t<div class=\"bdt-flex-inline bdt-gallery-item-link-wrapper\">\n\t\t\t\t\t\t\t<a class=\"bdt-gallery-item-link elementor-clickable icon-type-icon\" data-elementor-open-lightbox=\"no\" data-caption=\"\" href=\"https:\/\/www.verginahotelcrete.gr\/wp-content\/uploads\/2026\/01\/recycling-bins-sandy-beach.jpg\">\n\t\t\t\t\t\t\t\t\n\t\t\t\t\t\t\t\t\t\t\t\t\t\t\t\t\t\t\t<span>\n\t\t\t\t\t\t\t\t\t\t\t<i class=\"ep-icon-plus-2\"><\/i>\n\t\t\t\t\t\t\t\t\t\t<\/span>\n\t\t\t\t\t\t\t\t\t\n\t\t\t\t\t\t\t\t\t\t\t\t\t\t\t<\/a>\n\t\t\t\t\t\t<\/div>\n\t\t\t\t\t\n\t\t\t\t\t\t\t\t\t<\/div>\n\t\t\t<\/div>\n\t\t<\/div>\n\t\t\t\t\t\t<\/div>\r\n\r\n\t\t\t\t\t\t\t<\/div>\r\n\r\n\t\t\t\t\t\t\r\n\t\t\t<div class=\"bdt-gallery-item bdt-transition-toggle\">\r\n\t\t\t\t<div class=\"bdt-advanced-image-gallery-inner bdt-image-mask\">\r\n\t\t\t\t\t<div class=\"bdt-gallery-thumbnail bdt-transition-toggle\">\n\t\t\t<img decoding=\"async\"  src=\"https:\/\/www.verginahotelcrete.gr\/wp-content\/uploads\/2026\/01\/360_F_474620175_SUg0JueWTxWoe1W0Vmpwn2HDeEH3k23t.jpg\" alt=\"360_F_474620175_SUg0JueWTxWoe1W0Vmpwn2HDeEH3k23t\" class=\"jgalleryImage\">\n\t\t<\/div>\t\t<div class=\"bdt-position-cover bdt-overlay bdt-overlay-default bdt-transition-fade\">\n\t\t\t<div class=\"bdt-advanced-image-gallery-content\">\n\t\t\t\t<div class=\"bdt-advanced-image-gallery-content-inner\">\n\t\t\t\t\n\t\t\t\t\t\t\t\t\t\t\t\t\t\t\t\t<div class=\"bdt-flex-inline bdt-gallery-item-link-wrapper\">\n\t\t\t\t\t\t\t<a class=\"bdt-gallery-item-link elementor-clickable icon-type-icon\" data-elementor-open-lightbox=\"no\" data-caption=\"\" href=\"https:\/\/www.verginahotelcrete.gr\/wp-content\/uploads\/2026\/01\/360_F_474620175_SUg0JueWTxWoe1W0Vmpwn2HDeEH3k23t.jpg\">\n\t\t\t\t\t\t\t\t\n\t\t\t\t\t\t\t\t\t\t\t\t\t\t\t\t\t\t\t<span>\n\t\t\t\t\t\t\t\t\t\t\t<i class=\"ep-icon-plus-2\"><\/i>\n\t\t\t\t\t\t\t\t\t\t<\/span>\n\t\t\t\t\t\t\t\t\t\n\t\t\t\t\t\t\t\t\t\t\t\t\t\t\t<\/a>\n\t\t\t\t\t\t<\/div>\n\t\t\t\t\t\n\t\t\t\t\t\t\t\t\t<\/div>\n\t\t\t<\/div>\n\t\t<\/div>\n\t\t\t\t\t\t<\/div>\r\n\r\n\t\t\t\t\t\t\t<\/div>\r\n\r\n\t\t\t\t\t\t\r\n\t\t\t<div class=\"bdt-gallery-item bdt-transition-toggle\">\r\n\t\t\t\t<div class=\"bdt-advanced-image-gallery-inner bdt-image-mask\">\r\n\t\t\t\t\t<div class=\"bdt-gallery-thumbnail bdt-transition-toggle\">\n\t\t\t<img decoding=\"async\"  src=\"https:\/\/www.verginahotelcrete.gr\/wp-content\/uploads\/2026\/01\/esg-icon-concept-environment-renewable-hands-nature-earth-society-governance-sg-sustainable-business-networked-connections-green-background-environmental-icon.jpg\" alt=\"esg-icon-concept-environment-renewable-hands-nature-earth-society-governance-sg-sustainable-business-networked-connections-green-background-environmental-icon\" class=\"jgalleryImage\">\n\t\t<\/div>\t\t<div class=\"bdt-position-cover bdt-overlay bdt-overlay-default bdt-transition-fade\">\n\t\t\t<div class=\"bdt-advanced-image-gallery-content\">\n\t\t\t\t<div class=\"bdt-advanced-image-gallery-content-inner\">\n\t\t\t\t\n\t\t\t\t\t\t\t\t\t\t\t\t\t\t\t\t<div class=\"bdt-flex-inline bdt-gallery-item-link-wrapper\">\n\t\t\t\t\t\t\t<a class=\"bdt-gallery-item-link elementor-clickable icon-type-icon\" data-elementor-open-lightbox=\"no\" data-caption=\"\" href=\"https:\/\/www.verginahotelcrete.gr\/wp-content\/uploads\/2026\/01\/esg-icon-concept-environment-renewable-hands-nature-earth-society-governance-sg-sustainable-business-networked-connections-green-background-environmental-icon.jpg\">\n\t\t\t\t\t\t\t\t\n\t\t\t\t\t\t\t\t\t\t\t\t\t\t\t\t\t\t\t<span>\n\t\t\t\t\t\t\t\t\t\t\t<i class=\"ep-icon-plus-2\"><\/i>\n\t\t\t\t\t\t\t\t\t\t<\/span>\n\t\t\t\t\t\t\t\t\t\n\t\t\t\t\t\t\t\t\t\t\t\t\t\t\t<\/a>\n\t\t\t\t\t\t<\/div>\n\t\t\t\t\t\n\t\t\t\t\t\t\t\t\t<\/div>\n\t\t\t<\/div>\n\t\t<\/div>\n\t\t\t\t\t\t<\/div>\r\n\r\n\t\t\t\t\t\t\t<\/div>\r\n\r\n\t\t\t\t<\/div>\r\n\t\t\t\t\t\t\t<div class=\"bdt-position-z-index bdt-position-bottom-right\">\r\n\t\t\t<div class=\"bdt-arrows-container bdt-slidenav-container\">\r\n\t\t\t\t<a href=\"\" class=\"bdt-navigation-prev bdt-slidenav-previous bdt-slidenav\" data-bdt-slider-item=\"previous\">\r\n\t\t\t\t\t<i class=\"ep-icon-arrow-left-5\" aria-hidden=\"true\"><\/i>\r\n\t\t\t\t<\/a>\r\n\t\t\t\t<a href=\"\" class=\"bdt-navigation-next bdt-slidenav-next bdt-slidenav\" data-bdt-slider-item=\"next\">\r\n\t\t\t\t\t<i class=\"ep-icon-arrow-right-5\" aria-hidden=\"true\"><\/i>\r\n\t\t\t\t<\/a>\r\n\t\t\t<\/div>\r\n\t\t<\/div>\r\n\t\t\t\t\t<\/div>\r\n\t\t\t<\/div>\n\t\t\t\t<\/div>\n\t\t\t\t<div class=\"elementor-element elementor-element-3144908 elementor-widget elementor-widget-image\" data-id=\"3144908\" data-element_type=\"widget\" data-widget_type=\"image.default\">\n\t\t\t\t<div class=\"elementor-widget-container\">\n\t\t\t<style>\/*! elementor - v3.10.1 - 17-01-2023 *\/\n.elementor-widget-image{text-align:center}.elementor-widget-image a{display:inline-block}.elementor-widget-image a img[src$=\".svg\"]{width:48px}.elementor-widget-image img{vertical-align:middle;display:inline-block}<\/style>\t\t\t\t\t\t\t\t\t\t\t\t<img loading=\"lazy\" decoding=\"async\" width=\"661\" height=\"827\" src=\"https:\/\/www.verginahotelcrete.gr\/wp-content\/uploads\/2026\/02\/GT-generic-bronze.jpg\" class=\"attachment-large size-large wp-image-12400\" alt=\"\" srcset=\"https:\/\/www.verginahotelcrete.gr\/wp-content\/uploads\/2026\/02\/GT-generic-bronze.jpg 661w, https:\/\/www.verginahotelcrete.gr\/wp-content\/uploads\/2026\/02\/GT-generic-bronze-240x300.jpg 240w\" sizes=\"auto, (max-width: 661px) 100vw, 661px\" \/>\t\t\t\t\t\t\t\t\t\t\t\t\t\t\t<\/div>\n\t\t\t\t<\/div>\n\t\t\t\t\t<\/div>\n\t\t<\/div>\n\t\t\t\t\t\t\t<\/div>\n\t\t<\/section>\n\t\t\t\t\t<\/div>\n\t\t<\/div>\n\t\t\t\t\t\t\t<\/div>\n\t\t<\/section>\n\t\t\t\t\t\t\t<\/div>\n\t\t","protected":false},"excerpt":{"rendered":"<p>Nachhaltigkeit im Vergina Beach Resort Im Vergina Beach Resort ist Nachhaltigkeit kein Trend \u2013 sondern eine Haltung.Wir sind \u00fcberzeugt, dass echte Gastfreundschaft die Natur respektieren, lokale \u00d6kosysteme unterst\u00fctzen und der Welt um uns herum etwas zur\u00fcckgeben sollte. Unser Ziel ist einfach: unvergessliche Erlebnisse zu bieten und gleichzeitig unseren \u00f6kologischen Fu\u00dfabdruck so klein wie m\u00f6glich zu [&hellip;]<\/p>\n","protected":false},"author":1,"featured_media":0,"parent":0,"menu_order":0,"comment_status":"closed","ping_status":"closed","template":"elementor_header_footer","meta":{"_seopress_robots_primary_cat":"","footnotes":""},"class_list":["post-12350","page","type-page","status-publish","hentry"],"acf":[],"_links":{"self":[{"href":"https:\/\/www.verginahotelcrete.gr\/de\/wp-json\/wp\/v2\/pages\/12350","targetHints":{"allow":["GET"]}}],"collection":[{"href":"https:\/\/www.verginahotelcrete.gr\/de\/wp-json\/wp\/v2\/pages"}],"about":[{"href":"https:\/\/www.verginahotelcrete.gr\/de\/wp-json\/wp\/v2\/types\/page"}],"author":[{"embeddable":true,"href":"https:\/\/www.verginahotelcrete.gr\/de\/wp-json\/wp\/v2\/users\/1"}],"replies":[{"embeddable":true,"href":"https:\/\/www.verginahotelcrete.gr\/de\/wp-json\/wp\/v2\/comments?post=12350"}],"version-history":[{"count":9,"href":"https:\/\/www.verginahotelcrete.gr\/de\/wp-json\/wp\/v2\/pages\/12350\/revisions"}],"predecessor-version":[{"id":12423,"href":"https:\/\/www.verginahotelcrete.gr\/de\/wp-json\/wp\/v2\/pages\/12350\/revisions\/12423"}],"wp:attachment":[{"href":"https:\/\/www.verginahotelcrete.gr\/de\/wp-json\/wp\/v2\/media?parent=12350"}],"curies":[{"name":"wp","href":"https:\/\/api.w.org\/{rel}","templated":true}]}}