{"id":10448,"date":"2023-02-21T12:45:14","date_gmt":"2023-02-21T10:45:14","guid":{"rendered":"https:\/\/www.verginahotelcrete.gr\/facilities\/"},"modified":"2025-12-21T15:33:16","modified_gmt":"2025-12-21T13:33:16","slug":"retreat-facilities","status":"publish","type":"page","link":"https:\/\/www.verginahotelcrete.gr\/fr\/retreat-facilities\/","title":{"rendered":"Retraite et installations"},"content":{"rendered":"\t\t<div data-elementor-type=\"wp-page\" data-elementor-id=\"10448\" class=\"elementor elementor-10448 elementor-5844\">\n\t\t\t\t\t\t\t\t\t<section class=\"elementor-section elementor-top-section elementor-element elementor-element-76276a3 elementor-section-full_width elementor-section-height-min-height elementor-section-items-bottom elementor-section-content-middle vh-archive-header elementor-section-height-default\" data-id=\"76276a3\" data-element_type=\"section\" data-settings=\"{&quot;background_background&quot;:&quot;classic&quot;}\">\n\t\t\t\t\t\t<div class=\"elementor-container elementor-column-gap-default\">\n\t\t\t\t\t<div class=\"elementor-column elementor-col-100 elementor-top-column elementor-element elementor-element-897ba28 vh-banner-heading\" data-id=\"897ba28\" data-element_type=\"column\">\n\t\t\t<div class=\"elementor-widget-wrap elementor-element-populated\">\n\t\t\t\t\t\t\t\t<div class=\"elementor-element elementor-element-0fa195e elementor-widget elementor-widget-heading\" data-id=\"0fa195e\" data-element_type=\"widget\" data-widget_type=\"heading.default\">\n\t\t\t\t<div class=\"elementor-widget-container\">\n\t\t\t<style>\/*! elementor - v3.10.1 - 17-01-2023 *\/\n.elementor-heading-title{padding:0;margin:0;line-height:1}.elementor-widget-heading .elementor-heading-title[class*=elementor-size-]>a{color:inherit;font-size:inherit;line-height:inherit}.elementor-widget-heading .elementor-heading-title.elementor-size-small{font-size:15px}.elementor-widget-heading .elementor-heading-title.elementor-size-medium{font-size:19px}.elementor-widget-heading .elementor-heading-title.elementor-size-large{font-size:29px}.elementor-widget-heading .elementor-heading-title.elementor-size-xl{font-size:39px}.elementor-widget-heading .elementor-heading-title.elementor-size-xxl{font-size:59px}<\/style><h1 class=\"elementor-heading-title elementor-size-default\">Retraite et installations<\/h1>\t\t<\/div>\n\t\t\t\t<\/div>\n\t\t\t\t\t<\/div>\n\t\t<\/div>\n\t\t\t\t\t\t\t<\/div>\n\t\t<\/section>\n\t\t\t\t<section class=\"elementor-section elementor-top-section elementor-element elementor-element-fc16ddb elementor-section-content-top vh-id-section elementor-reverse-tablet elementor-reverse-mobile elementor-section-boxed elementor-section-height-default elementor-section-height-default\" data-id=\"fc16ddb\" data-element_type=\"section\" id=\"fac-pools\">\n\t\t\t\t\t\t<div class=\"elementor-container elementor-column-gap-no\">\n\t\t\t\t\t<div class=\"elementor-column elementor-col-50 elementor-top-column elementor-element elementor-element-55ff1f5 vh-dest-txt-col\" data-id=\"55ff1f5\" data-element_type=\"column\">\n\t\t\t<div class=\"elementor-widget-wrap elementor-element-populated\">\n\t\t\t\t\t\t\t\t<div class=\"elementor-element elementor-element-299428c elementor-widget elementor-widget-heading\" data-id=\"299428c\" data-element_type=\"widget\" data-widget_type=\"heading.default\">\n\t\t\t\t<div class=\"elementor-widget-container\">\n\t\t\t<h2 class=\"elementor-heading-title elementor-size-default\">ESPACE PISCINE ET PISCINES PRIV\u00c9ES<\/h2>\t\t<\/div>\n\t\t\t\t<\/div>\n\t\t\t\t<div class=\"elementor-element elementor-element-3558573 vh-dest-txt elementor-widget elementor-widget-text-editor\" data-id=\"3558573\" data-element_type=\"widget\" data-widget_type=\"text-editor.default\">\n\t\t\t\t<div class=\"elementor-widget-container\">\n\t\t\t<style>\/*! elementor - v3.10.1 - 17-01-2023 *\/\n.elementor-widget-text-editor.elementor-drop-cap-view-stacked .elementor-drop-cap{background-color:#818a91;color:#fff}.elementor-widget-text-editor.elementor-drop-cap-view-framed .elementor-drop-cap{color:#818a91;border:3px solid;background-color:transparent}.elementor-widget-text-editor:not(.elementor-drop-cap-view-default) .elementor-drop-cap{margin-top:8px}.elementor-widget-text-editor:not(.elementor-drop-cap-view-default) .elementor-drop-cap-letter{width:1em;height:1em}.elementor-widget-text-editor .elementor-drop-cap{float:left;text-align:center;line-height:1;font-size:50px}.elementor-widget-text-editor .elementor-drop-cap-letter{display:inline-block}<\/style>\t\t\t\t<p>Offrez-vous une baignade rafra\u00eechissante dans la magnifique piscine du Vergina Beach Resort. Entour\u00e9e de verdure m\u00e9diterran\u00e9enne et offrant une vue imprenable sur la mer \u00c9g\u00e9e, notre piscine principale est l\u2019endroit id\u00e9al pour se d\u00e9tendre et profiter du soleil. Prenez une baignade rafra\u00eechissante, d\u00e9tendez-vous sur l\u2019un de nos transats confortables ou profitez simplement d\u2019une boisson fra\u00eeche dans notre bar au bord de la piscine.<\/p><p>Pour ceux qui recherchent encore plus d\u2019intimit\u00e9, nous proposons \u00e9galement une s\u00e9lection de piscines priv\u00e9es. Nich\u00e9es dans des espaces sereins et isol\u00e9s, ces piscines priv\u00e9es offrent une oasis de tranquillit\u00e9 o\u00f9 vous pourrez \u00e9chapper \u00e0 l\u2019agitation de la vie quotidienne. Impr\u00e9gnez-vous du soleil en toute intimit\u00e9 et laissez vos soucis s\u2019\u00e9loigner en profitant de la tranquillit\u00e9 de votre paradis personnel. Que vous pr\u00e9f\u00e9riez l\u2019\u00e9nergie vibrante de notre piscine principale ou la s\u00e9r\u00e9nit\u00e9 d\u2019une piscine priv\u00e9e, le Vergina Beach Resort offre l\u2019exp\u00e9rience de piscine parfaite pour vous.<\/p>\t\t\t\t\t\t<\/div>\n\t\t\t\t<\/div>\n\t\t\t\t\t<\/div>\n\t\t<\/div>\n\t\t\t\t<div class=\"elementor-column elementor-col-50 elementor-top-column elementor-element elementor-element-5974d47\" data-id=\"5974d47\" data-element_type=\"column\">\n\t\t\t<div class=\"elementor-widget-wrap elementor-element-populated\">\n\t\t\t\t\t\t\t\t<div class=\"elementor-element elementor-element-5e54d16 vh-dest-img elementor-widget elementor-widget-image\" data-id=\"5e54d16\" data-element_type=\"widget\" data-widget_type=\"image.default\">\n\t\t\t\t<div class=\"elementor-widget-container\">\n\t\t\t<style>\/*! elementor - v3.10.1 - 17-01-2023 *\/\n.elementor-widget-image{text-align:center}.elementor-widget-image a{display:inline-block}.elementor-widget-image a img[src$=\".svg\"]{width:48px}.elementor-widget-image img{vertical-align:middle;display:inline-block}<\/style>\t\t\t\t\t\t\t\t\t\t\t\t<img loading=\"lazy\" decoding=\"async\" width=\"800\" height=\"534\" src=\"https:\/\/www.verginahotelcrete.gr\/wp-content\/uploads\/2023\/02\/pools-1024x683.jpg\" class=\"attachment-large size-large wp-image-9677\" alt=\"\" srcset=\"https:\/\/www.verginahotelcrete.gr\/wp-content\/uploads\/2023\/02\/pools-1024x683.jpg 1024w, https:\/\/www.verginahotelcrete.gr\/wp-content\/uploads\/2023\/02\/pools-300x200.jpg 300w, https:\/\/www.verginahotelcrete.gr\/wp-content\/uploads\/2023\/02\/pools-768x512.jpg 768w, https:\/\/www.verginahotelcrete.gr\/wp-content\/uploads\/2023\/02\/pools.jpg 1200w\" sizes=\"auto, (max-width: 800px) 100vw, 800px\" \/>\t\t\t\t\t\t\t\t\t\t\t\t\t\t\t<\/div>\n\t\t\t\t<\/div>\n\t\t\t\t\t<\/div>\n\t\t<\/div>\n\t\t\t\t\t\t\t<\/div>\n\t\t<\/section>\n\t\t\t\t<section class=\"elementor-section elementor-top-section elementor-element elementor-element-32c3d28 elementor-section-content-top vh-id-section elementor-reverse-mobile elementor-section-boxed elementor-section-height-default elementor-section-height-default\" data-id=\"32c3d28\" data-element_type=\"section\" id=\"fac-spa\">\n\t\t\t\t\t\t<div class=\"elementor-container elementor-column-gap-no\">\n\t\t\t\t\t<div class=\"elementor-column elementor-col-50 elementor-top-column elementor-element elementor-element-d46c7a6\" data-id=\"d46c7a6\" data-element_type=\"column\">\n\t\t\t<div class=\"elementor-widget-wrap elementor-element-populated\">\n\t\t\t\t\t\t\t\t<div class=\"elementor-element elementor-element-960ac8e vh-dest-img elementor-widget elementor-widget-image\" data-id=\"960ac8e\" data-element_type=\"widget\" data-widget_type=\"image.default\">\n\t\t\t\t<div class=\"elementor-widget-container\">\n\t\t\t\t\t\t\t\t\t\t\t\t\t\t\t<img loading=\"lazy\" decoding=\"async\" width=\"800\" height=\"600\" src=\"https:\/\/www.verginahotelcrete.gr\/wp-content\/uploads\/2023\/06\/fitness-1-1024x768.jpg\" class=\"attachment-large size-large wp-image-9812\" alt=\"\" srcset=\"https:\/\/www.verginahotelcrete.gr\/wp-content\/uploads\/2023\/06\/fitness-1-1024x768.jpg 1024w, https:\/\/www.verginahotelcrete.gr\/wp-content\/uploads\/2023\/06\/fitness-1-300x225.jpg 300w, https:\/\/www.verginahotelcrete.gr\/wp-content\/uploads\/2023\/06\/fitness-1-768x576.jpg 768w, https:\/\/www.verginahotelcrete.gr\/wp-content\/uploads\/2023\/06\/fitness-1.jpg 1200w\" sizes=\"auto, (max-width: 800px) 100vw, 800px\" \/>\t\t\t\t\t\t\t\t\t\t\t\t\t\t\t<\/div>\n\t\t\t\t<\/div>\n\t\t\t\t\t<\/div>\n\t\t<\/div>\n\t\t\t\t<div class=\"elementor-column elementor-col-50 elementor-top-column elementor-element elementor-element-b410731 vh-dest-txt-col\" data-id=\"b410731\" data-element_type=\"column\">\n\t\t\t<div class=\"elementor-widget-wrap elementor-element-populated\">\n\t\t\t\t\t\t\t\t<div class=\"elementor-element elementor-element-d2ecb4a elementor-widget elementor-widget-heading\" data-id=\"d2ecb4a\" data-element_type=\"widget\" data-widget_type=\"heading.default\">\n\t\t\t\t<div class=\"elementor-widget-container\">\n\t\t\t<h2 class=\"elementor-heading-title elementor-size-default\">SPA ET FITNESS<\/h2>\t\t<\/div>\n\t\t\t\t<\/div>\n\t\t\t\t<div class=\"elementor-element elementor-element-34b6a2a vh-dest-txt elementor-widget elementor-widget-text-editor\" data-id=\"34b6a2a\" data-element_type=\"widget\" data-widget_type=\"text-editor.default\">\n\t\t\t\t<div class=\"elementor-widget-container\">\n\t\t\t\t\t\t\t<p>D\u00e9tendez-vous et rajeunissez au spa et au centre de remise en forme du Vergina Beach Resort. Plongez dans un monde de paix et de d\u00e9tente, o\u00f9 vous pourrez \u00e9chapper au stress de la vie quotidienne et vous adonner \u00e0 une vari\u00e9t\u00e9 de traitements rajeunissants. Nos th\u00e9rapeutes amicaux et qualifi\u00e9s utilisent des produits de qualit\u00e9 pour vous offrir une exp\u00e9rience de spa vraiment personnelle et apaisante.<\/p><p>Pour ceux qui pr\u00e9f\u00e8rent rester actifs pendant leur s\u00e9jour, notre espace de remise en forme sur place est \u00e9quip\u00e9 de l\u2019\u00e9quipement n\u00e9cessaire pour vous aider \u00e0 maintenir votre routine d\u2019exercice ou \u00e0 en commencer une nouvelle. Dans un environnement apaisant et une atmosph\u00e8re tranquille, notre espace fitness est l\u2019endroit id\u00e9al pour acc\u00e9l\u00e9rer votre rythme cardiaque et rester en forme pendant votre s\u00e9jour.<\/p><p>Au Vergina Beach Resort, nous croyons en une approche \u00e9quilibr\u00e9e du bien-\u00eatre. Que vous souhaitiez vous d\u00e9tendre et vous ressourcer au spa ou rester actif dans notre espace fitness, nous avons tout ce dont vous avez besoin pour vous sentir au mieux pendant votre s\u00e9jour. Venez vivre une exp\u00e9rience apaisante et rajeunissante \u00e0 Vergina Beach Resort.<\/p>\t\t\t\t\t\t<\/div>\n\t\t\t\t<\/div>\n\t\t\t\t\t<\/div>\n\t\t<\/div>\n\t\t\t\t\t\t\t<\/div>\n\t\t<\/section>\n\t\t\t\t<section class=\"elementor-section elementor-top-section elementor-element elementor-element-8366d26 elementor-section-content-top vh-id-section elementor-reverse-tablet elementor-reverse-mobile elementor-section-boxed elementor-section-height-default elementor-section-height-default\" data-id=\"8366d26\" data-element_type=\"section\" id=\"fac-yoga\">\n\t\t\t\t\t\t<div class=\"elementor-container elementor-column-gap-no\">\n\t\t\t\t\t<div class=\"elementor-column elementor-col-50 elementor-top-column elementor-element elementor-element-72f8c19 vh-dest-txt-col\" data-id=\"72f8c19\" data-element_type=\"column\">\n\t\t\t<div class=\"elementor-widget-wrap elementor-element-populated\">\n\t\t\t\t\t\t\t\t<div class=\"elementor-element elementor-element-61bf6f2 elementor-widget elementor-widget-heading\" data-id=\"61bf6f2\" data-element_type=\"widget\" data-widget_type=\"heading.default\">\n\t\t\t\t<div class=\"elementor-widget-container\">\n\t\t\t<h2 class=\"elementor-heading-title elementor-size-default\">Cours de yoga<\/h2>\t\t<\/div>\n\t\t\t\t<\/div>\n\t\t\t\t<div class=\"elementor-element elementor-element-6da49cf vh-dest-txt elementor-widget elementor-widget-text-editor\" data-id=\"6da49cf\" data-element_type=\"widget\" data-widget_type=\"text-editor.default\">\n\t\t\t\t<div class=\"elementor-widget-container\">\n\t\t\t\t\t\t\t<p>\u00c9quilibrez votre s\u00e9jour avec le cours de yoga de Vergina Beach<br \/>D\u00e9couvrez le pouvoir de la pleine conscience et de la d\u00e9tente \u00e0 Vergina Beach. Notre cours de yoga offre aux clients la possibilit\u00e9 de s\u2019\u00e9tirer, de renforcer et de revitaliser leur corps et leur esprit dans un cadre paisible en bord de mer. Que vous soyez un yogi chevronn\u00e9 ou un d\u00e9butant dans la pratique, notre instructeur exp\u00e9riment\u00e9 vous guidera \u00e0 travers une s\u00e9rie de poses con\u00e7ues pour promouvoir le bien-\u00eatre physique, mental et \u00e9motionnel. Commencez votre journ\u00e9e par une s\u00e9ance d\u2019entra\u00eenement revigorante, ou d\u00e9tendez-vous apr\u00e8s une longue journ\u00e9e de soleil et surfez avec une s\u00e9ance de yoga apaisante. D\u00e9couvrez l\u2019harmonie ultime du corps et de l\u2019\u00e2me \u00e0 Vergina Beach.<\/p>\t\t\t\t\t\t<\/div>\n\t\t\t\t<\/div>\n\t\t\t\t\t<\/div>\n\t\t<\/div>\n\t\t\t\t<div class=\"elementor-column elementor-col-50 elementor-top-column elementor-element elementor-element-bc9cab6\" data-id=\"bc9cab6\" data-element_type=\"column\">\n\t\t\t<div class=\"elementor-widget-wrap elementor-element-populated\">\n\t\t\t\t\t\t\t\t<div class=\"elementor-element elementor-element-a3a424e vh-dest-img elementor-widget elementor-widget-image\" data-id=\"a3a424e\" data-element_type=\"widget\" data-widget_type=\"image.default\">\n\t\t\t\t<div class=\"elementor-widget-container\">\n\t\t\t\t\t\t\t\t\t\t\t\t\t\t\t<img loading=\"lazy\" decoding=\"async\" width=\"800\" height=\"534\" src=\"https:\/\/www.verginahotelcrete.gr\/wp-content\/uploads\/2023\/06\/yoga-1024x683.jpg\" class=\"attachment-large size-large wp-image-9814\" alt=\"\" srcset=\"https:\/\/www.verginahotelcrete.gr\/wp-content\/uploads\/2023\/06\/yoga-1024x683.jpg 1024w, https:\/\/www.verginahotelcrete.gr\/wp-content\/uploads\/2023\/06\/yoga-300x200.jpg 300w, https:\/\/www.verginahotelcrete.gr\/wp-content\/uploads\/2023\/06\/yoga-768x512.jpg 768w, https:\/\/www.verginahotelcrete.gr\/wp-content\/uploads\/2023\/06\/yoga.jpg 1200w\" sizes=\"auto, (max-width: 800px) 100vw, 800px\" \/>\t\t\t\t\t\t\t\t\t\t\t\t\t\t\t<\/div>\n\t\t\t\t<\/div>\n\t\t\t\t\t<\/div>\n\t\t<\/div>\n\t\t\t\t\t\t\t<\/div>\n\t\t<\/section>\n\t\t\t\t\t\t\t<\/div>\n\t\t","protected":false},"excerpt":{"rendered":"<p>ESPACE PISCINE ET PISCINES PRIV\u00c9ES Offrez-vous une baignade rafra\u00eechissante dans la magnifique piscine du Vergina Beach Resort. Entour\u00e9e de verdure m\u00e9diterran\u00e9enne et offrant une vue imprenable sur la mer \u00c9g\u00e9e, notre piscine principale est l\u2019endroit id\u00e9al pour se d\u00e9tendre et profiter du soleil. Prenez une baignade rafra\u00eechissante, d\u00e9tendez-vous sur l\u2019un de nos transats confortables ou [&hellip;]<\/p>\n","protected":false},"author":1,"featured_media":0,"parent":0,"menu_order":0,"comment_status":"closed","ping_status":"closed","template":"elementor_header_footer","meta":{"_seopress_robots_primary_cat":"","footnotes":""},"class_list":["post-10448","page","type-page","status-publish","hentry"],"acf":[],"_links":{"self":[{"href":"https:\/\/www.verginahotelcrete.gr\/fr\/wp-json\/wp\/v2\/pages\/10448","targetHints":{"allow":["GET"]}}],"collection":[{"href":"https:\/\/www.verginahotelcrete.gr\/fr\/wp-json\/wp\/v2\/pages"}],"about":[{"href":"https:\/\/www.verginahotelcrete.gr\/fr\/wp-json\/wp\/v2\/types\/page"}],"author":[{"embeddable":true,"href":"https:\/\/www.verginahotelcrete.gr\/fr\/wp-json\/wp\/v2\/users\/1"}],"replies":[{"embeddable":true,"href":"https:\/\/www.verginahotelcrete.gr\/fr\/wp-json\/wp\/v2\/comments?post=10448"}],"version-history":[{"count":10,"href":"https:\/\/www.verginahotelcrete.gr\/fr\/wp-json\/wp\/v2\/pages\/10448\/revisions"}],"predecessor-version":[{"id":12079,"href":"https:\/\/www.verginahotelcrete.gr\/fr\/wp-json\/wp\/v2\/pages\/10448\/revisions\/12079"}],"wp:attachment":[{"href":"https:\/\/www.verginahotelcrete.gr\/fr\/wp-json\/wp\/v2\/media?parent=10448"}],"curies":[{"name":"wp","href":"https:\/\/api.w.org\/{rel}","templated":true}]}}