{"id":12349,"date":"2026-01-13T10:36:16","date_gmt":"2026-01-13T08:36:16","guid":{"rendered":"https:\/\/www.verginahotelcrete.gr\/sustainability\/"},"modified":"2026-02-19T09:08:18","modified_gmt":"2026-02-19T07:08:18","slug":"durabilite","status":"publish","type":"page","link":"https:\/\/www.verginahotelcrete.gr\/fr\/durabilite\/","title":{"rendered":"Durabilit\u00e9"},"content":{"rendered":"\t\t<div data-elementor-type=\"wp-page\" data-elementor-id=\"12349\" class=\"elementor elementor-12349 elementor-12252\">\n\t\t\t\t\t\t\t\t\t<section class=\"elementor-section elementor-top-section elementor-element elementor-element-13808d5 elementor-section-full_width elementor-section-height-min-height elementor-section-items-bottom elementor-section-content-middle vh-archive-header elementor-section-height-default\" data-id=\"13808d5\" data-element_type=\"section\" data-settings=\"{&quot;background_background&quot;:&quot;classic&quot;}\">\n\t\t\t\t\t\t<div class=\"elementor-container elementor-column-gap-default\">\n\t\t\t\t\t<div class=\"elementor-column elementor-col-100 elementor-top-column elementor-element elementor-element-f5891ad vh-banner-heading\" data-id=\"f5891ad\" data-element_type=\"column\">\n\t\t\t<div class=\"elementor-widget-wrap elementor-element-populated\">\n\t\t\t\t\t\t\t\t<div class=\"elementor-element elementor-element-13f8ffe elementor-widget elementor-widget-heading\" data-id=\"13f8ffe\" data-element_type=\"widget\" data-widget_type=\"heading.default\">\n\t\t\t\t<div class=\"elementor-widget-container\">\n\t\t\t<style>\/*! elementor - v3.10.1 - 17-01-2023 *\/\n.elementor-heading-title{padding:0;margin:0;line-height:1}.elementor-widget-heading .elementor-heading-title[class*=elementor-size-]>a{color:inherit;font-size:inherit;line-height:inherit}.elementor-widget-heading .elementor-heading-title.elementor-size-small{font-size:15px}.elementor-widget-heading .elementor-heading-title.elementor-size-medium{font-size:19px}.elementor-widget-heading .elementor-heading-title.elementor-size-large{font-size:29px}.elementor-widget-heading .elementor-heading-title.elementor-size-xl{font-size:39px}.elementor-widget-heading .elementor-heading-title.elementor-size-xxl{font-size:59px}<\/style><h1 class=\"elementor-heading-title elementor-size-default\">Durabilit\u00e9<\/h1>\t\t<\/div>\n\t\t\t\t<\/div>\n\t\t\t\t\t<\/div>\n\t\t<\/div>\n\t\t\t\t\t\t\t<\/div>\n\t\t<\/section>\n\t\t\t\t<section class=\"elementor-section elementor-top-section elementor-element elementor-element-6aa6e425 vh-travelhelper-mapsection elementor-section-boxed elementor-section-height-default elementor-section-height-default\" data-id=\"6aa6e425\" data-element_type=\"section\">\n\t\t\t\t\t\t<div class=\"elementor-container elementor-column-gap-no\">\n\t\t\t\t\t<div class=\"elementor-column elementor-col-100 elementor-top-column elementor-element elementor-element-47625841\" data-id=\"47625841\" data-element_type=\"column\">\n\t\t\t<div class=\"elementor-widget-wrap elementor-element-populated\">\n\t\t\t\t\t\t\t\t<section class=\"elementor-section elementor-inner-section elementor-element elementor-element-94332df elementor-section-full_width elementor-section-content-top elementor-section-height-default elementor-section-height-default\" data-id=\"94332df\" data-element_type=\"section\">\n\t\t\t\t\t\t<div class=\"elementor-container elementor-column-gap-default\">\n\t\t\t\t\t<div class=\"elementor-column elementor-col-50 elementor-inner-column elementor-element elementor-element-3ccec97\" data-id=\"3ccec97\" data-element_type=\"column\">\n\t\t\t<div class=\"elementor-widget-wrap elementor-element-populated\">\n\t\t\t\t\t\t\t\t<div class=\"elementor-element elementor-element-6709433c elementor-widget__width-inherit vh-accomm-text elementor-widget elementor-widget-text-editor\" data-id=\"6709433c\" data-element_type=\"widget\" data-widget_type=\"text-editor.default\">\n\t\t\t\t<div class=\"elementor-widget-container\">\n\t\t\t<style>\/*! elementor - v3.10.1 - 17-01-2023 *\/\n.elementor-widget-text-editor.elementor-drop-cap-view-stacked .elementor-drop-cap{background-color:#818a91;color:#fff}.elementor-widget-text-editor.elementor-drop-cap-view-framed .elementor-drop-cap{color:#818a91;border:3px solid;background-color:transparent}.elementor-widget-text-editor:not(.elementor-drop-cap-view-default) .elementor-drop-cap{margin-top:8px}.elementor-widget-text-editor:not(.elementor-drop-cap-view-default) .elementor-drop-cap-letter{width:1em;height:1em}.elementor-widget-text-editor .elementor-drop-cap{float:left;text-align:center;line-height:1;font-size:50px}.elementor-widget-text-editor .elementor-drop-cap-letter{display:inline-block}<\/style>\t\t\t\t<p><em><strong> D\u00e9veloppement durable au Vergina Beach Resort <\/strong><\/em><\/p><p>Au Vergina Beach Resort, la durabilit\u00e9 n\u2019est pas une tendance \u2014 c\u2019est un \u00e9tat d\u2019esprit.<br \/>Nous croyons qu\u2019une hospitalit\u00e9 authentique doit respecter la nature, soutenir les \u00e9cosyst\u00e8mes locaux et redonner \u00e0 l\u2019environnement qui nous entoure. Notre objectif est simple : offrir des exp\u00e9riences m\u00e9morables tout en r\u00e9duisant notre empreinte environnementale.<\/p><p>Situ\u00e9 directement en bord de mer, nous ressentons une forte responsabilit\u00e9 de pr\u00e9server la beaut\u00e9 naturelle qui nous entoure. Chaque d\u00e9cision que nous prenons, de la gestion de l\u2019\u00e9nergie aux op\u00e9rations quotidiennes, est guid\u00e9e par cette philosophie.<\/p><p style=\"margin-top: 20px; margin-bottom: 10px;\">Notre engagement en pratique<\/p><ul style=\"padding-left: 15px;\"><li>\u00c9nergies renouvelables, efficacit\u00e9 \u00e9nerg\u00e9tique et hydrique<br \/>Le resort utilise des panneaux photovolta\u00efques combin\u00e9s \u00e0 la technologie solaire thermique et \u00e0 des pompes \u00e0 chaleur \u00e0 haut rendement pour la production d\u2019eau chaude. La consommation d\u2019\u00e9nergie est surveill\u00e9e et optimis\u00e9e en temps r\u00e9el, r\u00e9duisant consid\u00e9rablement la consommation d\u2019\u00e9nergie et le gaspillage d\u2019eau, tout en garantissant un confort \u00e9lev\u00e9 pour les clients.<\/li><li>Bornes de recharge pour v\u00e9hicules \u00e9lectriques<br \/>Nous proposons des bornes de recharge pour v\u00e9hicules \u00e9lectriques, favorisant une mobilit\u00e9 \u00e0 faibles \u00e9missions et encourageant des choix de voyage plus durables.<\/li><li>Protection de la vie marine<br \/>Nous soutenons activement la protection des tortues marines par le biais de programmes d\u2019adoption avec des organisations environnementales locales, contribuant \u00e0 la pr\u00e9servation des tortues Caretta-Caretta qui nichent le long de notre littoral.<\/li><li>R\u00e9duction du plastique<br \/>Les plastiques \u00e0 usage unique ont \u00e9t\u00e9 remplac\u00e9s par des \u00e9quipements rechargeables et des solutions r\u00e9utilisables dans l\u2019ensemble du resort.<\/li><li>Recyclage &amp; compostage<br \/>Nous appliquons des pratiques de recyclage quotidiennes et rigoureusement organis\u00e9es et compostons les d\u00e9chets organiques, r\u00e9duisant l\u2019impact sur les d\u00e9charges et soutenant une approche circulaire des ressources.<\/li><li>\u00c9clairage efficace<br \/>Tout l\u2019\u00e9clairage int\u00e9rieur et ext\u00e9rieur utilise la technologie LED \u00e0 haute efficacit\u00e9 \u00e9nerg\u00e9tique.<\/li><\/ul><p style=\"margin-top: 20px; margin-bottom: 10px;\">Rendre la pareille<\/p><p>Au-del\u00e0 de l\u2019environnement, la durabilit\u00e9 inclut \u00e9galement la responsabilit\u00e9 sociale. Nous soutenons et faisons des dons \u00e0 des organisations humanitaires et environnementales internationales, notamment des initiatives ax\u00e9es sur l\u2019acc\u00e8s \u00e0 l\u2019eau potable, l\u2019aide humanitaire et l\u2019assistance m\u00e9dicale dans le monde entier.<\/p><p style=\"margin-top: 20px; margin-bottom: 10px;\">Notre philosophie<\/p><p>La durabilit\u00e9 au Vergina Beach Resort est un engagement permanent.<br \/>Gr\u00e2ce \u00e0 des investissements responsables, une gestion consciente et un profond respect de la nature et des personnes, nous aspirons \u00e0 contribuer \u00e0 un avenir plus durable pour l\u2019h\u00f4tellerie.<\/p>\t\t\t\t\t\t<\/div>\n\t\t\t\t<\/div>\n\t\t\t\t\t<\/div>\n\t\t<\/div>\n\t\t\t\t<div class=\"elementor-column elementor-col-50 elementor-inner-column elementor-element elementor-element-89e6a6b\" data-id=\"89e6a6b\" data-element_type=\"column\">\n\t\t\t<div class=\"elementor-widget-wrap elementor-element-populated\">\n\t\t\t\t\t\t\t\t<div class=\"elementor-element elementor-element-a34262f elementor-widget__width-inherit bdt-navigation-type-arrows elementor-widget elementor-widget-bdt-advanced-image-gallery\" data-id=\"a34262f\" data-element_type=\"widget\" data-widget_type=\"bdt-advanced-image-gallery.bdt-carousel\">\n\t\t\t\t<div class=\"elementor-widget-container\">\n\t\t\t\t\t<div class=\" bdt-arrows-align-bottom-right \" data-bdt-slider=\"{&quot;autoplay&quot;:false,&quot;autoplay-interval&quot;:null,&quot;finite&quot;:false,&quot;pause-on-hover&quot;:false,&quot;center&quot;:true,&quot;sets&quot;:false}\">\r\n\t\t\t<div id=\"bdt-avdg-a34262f\" class=\"bdt-advanced-image-gallery bdt-skin-carousel bdt-grid bdt-grid-small bdt-slider-items bdt-child-width-1- bdt-child-width-1-1@s bdt-child-width-1-1@m\" data-bdt-grid=\"\" data-bdt-lightbox=\"animation: slide\" data-settings=\"{&quot;id&quot;:&quot;#bdt-avdg-a34262f&quot;,&quot;tiltShow&quot;:false}\">\r\n\t\t\t\t\t\t\r\n\t\t\t<div class=\"bdt-gallery-item bdt-transition-toggle\">\r\n\t\t\t\t<div class=\"bdt-advanced-image-gallery-inner bdt-image-mask\">\r\n\t\t\t\t\t<div class=\"bdt-gallery-thumbnail bdt-transition-toggle\">\n\t\t\t<img decoding=\"async\"  src=\"https:\/\/www.verginahotelcrete.gr\/wp-content\/uploads\/2026\/01\/\u2014Pngtree\u2014sustainable-energy-solutions-for-a_19881395.jpg\" alt=\"\u2014Pngtree\u2014sustainable energy solutions for a_19881395\" class=\"jgalleryImage\">\n\t\t<\/div>\t\t<div class=\"bdt-position-cover bdt-overlay bdt-overlay-default bdt-transition-fade\">\n\t\t\t<div class=\"bdt-advanced-image-gallery-content\">\n\t\t\t\t<div class=\"bdt-advanced-image-gallery-content-inner\">\n\t\t\t\t\n\t\t\t\t\t\t\t\t\t\t\t\t\t\t\t\t<div class=\"bdt-flex-inline bdt-gallery-item-link-wrapper\">\n\t\t\t\t\t\t\t<a class=\"bdt-gallery-item-link elementor-clickable icon-type-icon\" data-elementor-open-lightbox=\"no\" data-caption=\"\" href=\"https:\/\/www.verginahotelcrete.gr\/wp-content\/uploads\/2026\/01\/\u2014Pngtree\u2014sustainable-energy-solutions-for-a_19881395.jpg\">\n\t\t\t\t\t\t\t\t\n\t\t\t\t\t\t\t\t\t\t\t\t\t\t\t\t\t\t\t<span>\n\t\t\t\t\t\t\t\t\t\t\t<i class=\"ep-icon-plus-2\"><\/i>\n\t\t\t\t\t\t\t\t\t\t<\/span>\n\t\t\t\t\t\t\t\t\t\n\t\t\t\t\t\t\t\t\t\t\t\t\t\t\t<\/a>\n\t\t\t\t\t\t<\/div>\n\t\t\t\t\t\n\t\t\t\t\t\t\t\t\t<\/div>\n\t\t\t<\/div>\n\t\t<\/div>\n\t\t\t\t\t\t<\/div>\r\n\r\n\t\t\t\t\t\t\t<\/div>\r\n\r\n\t\t\t\t\t\t\r\n\t\t\t<div class=\"bdt-gallery-item bdt-transition-toggle\">\r\n\t\t\t\t<div class=\"bdt-advanced-image-gallery-inner bdt-image-mask\">\r\n\t\t\t\t\t<div class=\"bdt-gallery-thumbnail bdt-transition-toggle\">\n\t\t\t<img decoding=\"async\"  src=\"https:\/\/www.verginahotelcrete.gr\/wp-content\/uploads\/2026\/01\/environmental-social-governance-2044070501-632x421-1.jpg\" alt=\"environmental-social-governance-2044070501-632x421\" class=\"jgalleryImage\">\n\t\t<\/div>\t\t<div class=\"bdt-position-cover bdt-overlay bdt-overlay-default bdt-transition-fade\">\n\t\t\t<div class=\"bdt-advanced-image-gallery-content\">\n\t\t\t\t<div class=\"bdt-advanced-image-gallery-content-inner\">\n\t\t\t\t\n\t\t\t\t\t\t\t\t\t\t\t\t\t\t\t\t<div class=\"bdt-flex-inline bdt-gallery-item-link-wrapper\">\n\t\t\t\t\t\t\t<a class=\"bdt-gallery-item-link elementor-clickable icon-type-icon\" data-elementor-open-lightbox=\"no\" data-caption=\"\" href=\"https:\/\/www.verginahotelcrete.gr\/wp-content\/uploads\/2026\/01\/environmental-social-governance-2044070501-632x421-1.jpg\">\n\t\t\t\t\t\t\t\t\n\t\t\t\t\t\t\t\t\t\t\t\t\t\t\t\t\t\t\t<span>\n\t\t\t\t\t\t\t\t\t\t\t<i class=\"ep-icon-plus-2\"><\/i>\n\t\t\t\t\t\t\t\t\t\t<\/span>\n\t\t\t\t\t\t\t\t\t\n\t\t\t\t\t\t\t\t\t\t\t\t\t\t\t<\/a>\n\t\t\t\t\t\t<\/div>\n\t\t\t\t\t\n\t\t\t\t\t\t\t\t\t<\/div>\n\t\t\t<\/div>\n\t\t<\/div>\n\t\t\t\t\t\t<\/div>\r\n\r\n\t\t\t\t\t\t\t<\/div>\r\n\r\n\t\t\t\t\t\t\r\n\t\t\t<div class=\"bdt-gallery-item bdt-transition-toggle\">\r\n\t\t\t\t<div class=\"bdt-advanced-image-gallery-inner bdt-image-mask\">\r\n\t\t\t\t\t<div class=\"bdt-gallery-thumbnail bdt-transition-toggle\">\n\t\t\t<img decoding=\"async\"  src=\"https:\/\/www.verginahotelcrete.gr\/wp-content\/uploads\/2026\/01\/george-pagan-iii-tDJWXoLYMhg-unsplash.jpg\" alt=\"george-pagan-iii-tDJWXoLYMhg-unsplash\" class=\"jgalleryImage\">\n\t\t<\/div>\t\t<div class=\"bdt-position-cover bdt-overlay bdt-overlay-default bdt-transition-fade\">\n\t\t\t<div class=\"bdt-advanced-image-gallery-content\">\n\t\t\t\t<div class=\"bdt-advanced-image-gallery-content-inner\">\n\t\t\t\t\n\t\t\t\t\t\t\t\t\t\t\t\t\t\t\t\t<div class=\"bdt-flex-inline bdt-gallery-item-link-wrapper\">\n\t\t\t\t\t\t\t<a class=\"bdt-gallery-item-link elementor-clickable icon-type-icon\" data-elementor-open-lightbox=\"no\" data-caption=\"\" href=\"https:\/\/www.verginahotelcrete.gr\/wp-content\/uploads\/2026\/01\/george-pagan-iii-tDJWXoLYMhg-unsplash.jpg\">\n\t\t\t\t\t\t\t\t\n\t\t\t\t\t\t\t\t\t\t\t\t\t\t\t\t\t\t\t<span>\n\t\t\t\t\t\t\t\t\t\t\t<i class=\"ep-icon-plus-2\"><\/i>\n\t\t\t\t\t\t\t\t\t\t<\/span>\n\t\t\t\t\t\t\t\t\t\n\t\t\t\t\t\t\t\t\t\t\t\t\t\t\t<\/a>\n\t\t\t\t\t\t<\/div>\n\t\t\t\t\t\n\t\t\t\t\t\t\t\t\t<\/div>\n\t\t\t<\/div>\n\t\t<\/div>\n\t\t\t\t\t\t<\/div>\r\n\r\n\t\t\t\t\t\t\t<\/div>\r\n\r\n\t\t\t\t\t\t\r\n\t\t\t<div class=\"bdt-gallery-item bdt-transition-toggle\">\r\n\t\t\t\t<div class=\"bdt-advanced-image-gallery-inner bdt-image-mask\">\r\n\t\t\t\t\t<div class=\"bdt-gallery-thumbnail bdt-transition-toggle\">\n\t\t\t<img decoding=\"async\"  src=\"https:\/\/www.verginahotelcrete.gr\/wp-content\/uploads\/2026\/01\/pngtree-sustainable-energy-concept-depicting-eco-friendly-practices-of-green-living-for-image_17316808.jpg\" alt=\"pngtree-sustainable-energy-concept-depicting-eco-friendly-practices-of-green-living-for-image_17316808\" class=\"jgalleryImage\">\n\t\t<\/div>\t\t<div class=\"bdt-position-cover bdt-overlay bdt-overlay-default bdt-transition-fade\">\n\t\t\t<div class=\"bdt-advanced-image-gallery-content\">\n\t\t\t\t<div class=\"bdt-advanced-image-gallery-content-inner\">\n\t\t\t\t\n\t\t\t\t\t\t\t\t\t\t\t\t\t\t\t\t<div class=\"bdt-flex-inline bdt-gallery-item-link-wrapper\">\n\t\t\t\t\t\t\t<a class=\"bdt-gallery-item-link elementor-clickable icon-type-icon\" data-elementor-open-lightbox=\"no\" data-caption=\"\" href=\"https:\/\/www.verginahotelcrete.gr\/wp-content\/uploads\/2026\/01\/pngtree-sustainable-energy-concept-depicting-eco-friendly-practices-of-green-living-for-image_17316808.jpg\">\n\t\t\t\t\t\t\t\t\n\t\t\t\t\t\t\t\t\t\t\t\t\t\t\t\t\t\t\t<span>\n\t\t\t\t\t\t\t\t\t\t\t<i class=\"ep-icon-plus-2\"><\/i>\n\t\t\t\t\t\t\t\t\t\t<\/span>\n\t\t\t\t\t\t\t\t\t\n\t\t\t\t\t\t\t\t\t\t\t\t\t\t\t<\/a>\n\t\t\t\t\t\t<\/div>\n\t\t\t\t\t\n\t\t\t\t\t\t\t\t\t<\/div>\n\t\t\t<\/div>\n\t\t<\/div>\n\t\t\t\t\t\t<\/div>\r\n\r\n\t\t\t\t\t\t\t<\/div>\r\n\r\n\t\t\t\t\t\t\r\n\t\t\t<div class=\"bdt-gallery-item bdt-transition-toggle\">\r\n\t\t\t\t<div class=\"bdt-advanced-image-gallery-inner bdt-image-mask\">\r\n\t\t\t\t\t<div class=\"bdt-gallery-thumbnail bdt-transition-toggle\">\n\t\t\t<img decoding=\"async\"  src=\"https:\/\/www.verginahotelcrete.gr\/wp-content\/uploads\/2026\/01\/premium_vector-1718815211233-10dfdda70419.jpg\" alt=\"premium_vector-1718815211233-10dfdda70419\" class=\"jgalleryImage\">\n\t\t<\/div>\t\t<div class=\"bdt-position-cover bdt-overlay bdt-overlay-default bdt-transition-fade\">\n\t\t\t<div class=\"bdt-advanced-image-gallery-content\">\n\t\t\t\t<div class=\"bdt-advanced-image-gallery-content-inner\">\n\t\t\t\t\n\t\t\t\t\t\t\t\t\t\t\t\t\t\t\t\t<div class=\"bdt-flex-inline bdt-gallery-item-link-wrapper\">\n\t\t\t\t\t\t\t<a class=\"bdt-gallery-item-link elementor-clickable icon-type-icon\" data-elementor-open-lightbox=\"no\" data-caption=\"\" href=\"https:\/\/www.verginahotelcrete.gr\/wp-content\/uploads\/2026\/01\/premium_vector-1718815211233-10dfdda70419.jpg\">\n\t\t\t\t\t\t\t\t\n\t\t\t\t\t\t\t\t\t\t\t\t\t\t\t\t\t\t\t<span>\n\t\t\t\t\t\t\t\t\t\t\t<i class=\"ep-icon-plus-2\"><\/i>\n\t\t\t\t\t\t\t\t\t\t<\/span>\n\t\t\t\t\t\t\t\t\t\n\t\t\t\t\t\t\t\t\t\t\t\t\t\t\t<\/a>\n\t\t\t\t\t\t<\/div>\n\t\t\t\t\t\n\t\t\t\t\t\t\t\t\t<\/div>\n\t\t\t<\/div>\n\t\t<\/div>\n\t\t\t\t\t\t<\/div>\r\n\r\n\t\t\t\t\t\t\t<\/div>\r\n\r\n\t\t\t\t\t\t\r\n\t\t\t<div class=\"bdt-gallery-item bdt-transition-toggle\">\r\n\t\t\t\t<div class=\"bdt-advanced-image-gallery-inner bdt-image-mask\">\r\n\t\t\t\t\t<div class=\"bdt-gallery-thumbnail bdt-transition-toggle\">\n\t\t\t<img decoding=\"async\"  src=\"https:\/\/www.verginahotelcrete.gr\/wp-content\/uploads\/2026\/01\/bigdata-e-greendata-1920x1080-1-980x551-1.jpg\" alt=\"bigdata-e-greendata-1920x1080-1-980x551\" class=\"jgalleryImage\">\n\t\t<\/div>\t\t<div class=\"bdt-position-cover bdt-overlay bdt-overlay-default bdt-transition-fade\">\n\t\t\t<div class=\"bdt-advanced-image-gallery-content\">\n\t\t\t\t<div class=\"bdt-advanced-image-gallery-content-inner\">\n\t\t\t\t\n\t\t\t\t\t\t\t\t\t\t\t\t\t\t\t\t<div class=\"bdt-flex-inline bdt-gallery-item-link-wrapper\">\n\t\t\t\t\t\t\t<a class=\"bdt-gallery-item-link elementor-clickable icon-type-icon\" data-elementor-open-lightbox=\"no\" data-caption=\"\" href=\"https:\/\/www.verginahotelcrete.gr\/wp-content\/uploads\/2026\/01\/bigdata-e-greendata-1920x1080-1-980x551-1.jpg\">\n\t\t\t\t\t\t\t\t\n\t\t\t\t\t\t\t\t\t\t\t\t\t\t\t\t\t\t\t<span>\n\t\t\t\t\t\t\t\t\t\t\t<i class=\"ep-icon-plus-2\"><\/i>\n\t\t\t\t\t\t\t\t\t\t<\/span>\n\t\t\t\t\t\t\t\t\t\n\t\t\t\t\t\t\t\t\t\t\t\t\t\t\t<\/a>\n\t\t\t\t\t\t<\/div>\n\t\t\t\t\t\n\t\t\t\t\t\t\t\t\t<\/div>\n\t\t\t<\/div>\n\t\t<\/div>\n\t\t\t\t\t\t<\/div>\r\n\r\n\t\t\t\t\t\t\t<\/div>\r\n\r\n\t\t\t\t\t\t\r\n\t\t\t<div class=\"bdt-gallery-item bdt-transition-toggle\">\r\n\t\t\t\t<div class=\"bdt-advanced-image-gallery-inner bdt-image-mask\">\r\n\t\t\t\t\t<div class=\"bdt-gallery-thumbnail bdt-transition-toggle\">\n\t\t\t<img decoding=\"async\"  src=\"https:\/\/www.verginahotelcrete.gr\/wp-content\/uploads\/2026\/01\/recycling-bins-sandy-beach.jpg\" alt=\"recycling-bins-sandy-beach\" class=\"jgalleryImage\">\n\t\t<\/div>\t\t<div class=\"bdt-position-cover bdt-overlay bdt-overlay-default bdt-transition-fade\">\n\t\t\t<div class=\"bdt-advanced-image-gallery-content\">\n\t\t\t\t<div class=\"bdt-advanced-image-gallery-content-inner\">\n\t\t\t\t\n\t\t\t\t\t\t\t\t\t\t\t\t\t\t\t\t<div class=\"bdt-flex-inline bdt-gallery-item-link-wrapper\">\n\t\t\t\t\t\t\t<a class=\"bdt-gallery-item-link elementor-clickable icon-type-icon\" data-elementor-open-lightbox=\"no\" data-caption=\"\" href=\"https:\/\/www.verginahotelcrete.gr\/wp-content\/uploads\/2026\/01\/recycling-bins-sandy-beach.jpg\">\n\t\t\t\t\t\t\t\t\n\t\t\t\t\t\t\t\t\t\t\t\t\t\t\t\t\t\t\t<span>\n\t\t\t\t\t\t\t\t\t\t\t<i class=\"ep-icon-plus-2\"><\/i>\n\t\t\t\t\t\t\t\t\t\t<\/span>\n\t\t\t\t\t\t\t\t\t\n\t\t\t\t\t\t\t\t\t\t\t\t\t\t\t<\/a>\n\t\t\t\t\t\t<\/div>\n\t\t\t\t\t\n\t\t\t\t\t\t\t\t\t<\/div>\n\t\t\t<\/div>\n\t\t<\/div>\n\t\t\t\t\t\t<\/div>\r\n\r\n\t\t\t\t\t\t\t<\/div>\r\n\r\n\t\t\t\t\t\t\r\n\t\t\t<div class=\"bdt-gallery-item bdt-transition-toggle\">\r\n\t\t\t\t<div class=\"bdt-advanced-image-gallery-inner bdt-image-mask\">\r\n\t\t\t\t\t<div class=\"bdt-gallery-thumbnail bdt-transition-toggle\">\n\t\t\t<img decoding=\"async\"  src=\"https:\/\/www.verginahotelcrete.gr\/wp-content\/uploads\/2026\/01\/360_F_474620175_SUg0JueWTxWoe1W0Vmpwn2HDeEH3k23t.jpg\" alt=\"360_F_474620175_SUg0JueWTxWoe1W0Vmpwn2HDeEH3k23t\" class=\"jgalleryImage\">\n\t\t<\/div>\t\t<div class=\"bdt-position-cover bdt-overlay bdt-overlay-default bdt-transition-fade\">\n\t\t\t<div class=\"bdt-advanced-image-gallery-content\">\n\t\t\t\t<div class=\"bdt-advanced-image-gallery-content-inner\">\n\t\t\t\t\n\t\t\t\t\t\t\t\t\t\t\t\t\t\t\t\t<div class=\"bdt-flex-inline bdt-gallery-item-link-wrapper\">\n\t\t\t\t\t\t\t<a class=\"bdt-gallery-item-link elementor-clickable icon-type-icon\" data-elementor-open-lightbox=\"no\" data-caption=\"\" href=\"https:\/\/www.verginahotelcrete.gr\/wp-content\/uploads\/2026\/01\/360_F_474620175_SUg0JueWTxWoe1W0Vmpwn2HDeEH3k23t.jpg\">\n\t\t\t\t\t\t\t\t\n\t\t\t\t\t\t\t\t\t\t\t\t\t\t\t\t\t\t\t<span>\n\t\t\t\t\t\t\t\t\t\t\t<i class=\"ep-icon-plus-2\"><\/i>\n\t\t\t\t\t\t\t\t\t\t<\/span>\n\t\t\t\t\t\t\t\t\t\n\t\t\t\t\t\t\t\t\t\t\t\t\t\t\t<\/a>\n\t\t\t\t\t\t<\/div>\n\t\t\t\t\t\n\t\t\t\t\t\t\t\t\t<\/div>\n\t\t\t<\/div>\n\t\t<\/div>\n\t\t\t\t\t\t<\/div>\r\n\r\n\t\t\t\t\t\t\t<\/div>\r\n\r\n\t\t\t\t\t\t\r\n\t\t\t<div class=\"bdt-gallery-item bdt-transition-toggle\">\r\n\t\t\t\t<div class=\"bdt-advanced-image-gallery-inner bdt-image-mask\">\r\n\t\t\t\t\t<div class=\"bdt-gallery-thumbnail bdt-transition-toggle\">\n\t\t\t<img decoding=\"async\"  src=\"https:\/\/www.verginahotelcrete.gr\/wp-content\/uploads\/2026\/01\/esg-icon-concept-environment-renewable-hands-nature-earth-society-governance-sg-sustainable-business-networked-connections-green-background-environmental-icon.jpg\" alt=\"esg-icon-concept-environment-renewable-hands-nature-earth-society-governance-sg-sustainable-business-networked-connections-green-background-environmental-icon\" class=\"jgalleryImage\">\n\t\t<\/div>\t\t<div class=\"bdt-position-cover bdt-overlay bdt-overlay-default bdt-transition-fade\">\n\t\t\t<div class=\"bdt-advanced-image-gallery-content\">\n\t\t\t\t<div class=\"bdt-advanced-image-gallery-content-inner\">\n\t\t\t\t\n\t\t\t\t\t\t\t\t\t\t\t\t\t\t\t\t<div class=\"bdt-flex-inline bdt-gallery-item-link-wrapper\">\n\t\t\t\t\t\t\t<a class=\"bdt-gallery-item-link elementor-clickable icon-type-icon\" data-elementor-open-lightbox=\"no\" data-caption=\"\" href=\"https:\/\/www.verginahotelcrete.gr\/wp-content\/uploads\/2026\/01\/esg-icon-concept-environment-renewable-hands-nature-earth-society-governance-sg-sustainable-business-networked-connections-green-background-environmental-icon.jpg\">\n\t\t\t\t\t\t\t\t\n\t\t\t\t\t\t\t\t\t\t\t\t\t\t\t\t\t\t\t<span>\n\t\t\t\t\t\t\t\t\t\t\t<i class=\"ep-icon-plus-2\"><\/i>\n\t\t\t\t\t\t\t\t\t\t<\/span>\n\t\t\t\t\t\t\t\t\t\n\t\t\t\t\t\t\t\t\t\t\t\t\t\t\t<\/a>\n\t\t\t\t\t\t<\/div>\n\t\t\t\t\t\n\t\t\t\t\t\t\t\t\t<\/div>\n\t\t\t<\/div>\n\t\t<\/div>\n\t\t\t\t\t\t<\/div>\r\n\r\n\t\t\t\t\t\t\t<\/div>\r\n\r\n\t\t\t\t<\/div>\r\n\t\t\t\t\t\t\t<div class=\"bdt-position-z-index bdt-position-bottom-right\">\r\n\t\t\t<div class=\"bdt-arrows-container bdt-slidenav-container\">\r\n\t\t\t\t<a href=\"\" class=\"bdt-navigation-prev bdt-slidenav-previous bdt-slidenav\" data-bdt-slider-item=\"previous\">\r\n\t\t\t\t\t<i class=\"ep-icon-arrow-left-5\" aria-hidden=\"true\"><\/i>\r\n\t\t\t\t<\/a>\r\n\t\t\t\t<a href=\"\" class=\"bdt-navigation-next bdt-slidenav-next bdt-slidenav\" data-bdt-slider-item=\"next\">\r\n\t\t\t\t\t<i class=\"ep-icon-arrow-right-5\" aria-hidden=\"true\"><\/i>\r\n\t\t\t\t<\/a>\r\n\t\t\t<\/div>\r\n\t\t<\/div>\r\n\t\t\t\t\t<\/div>\r\n\t\t\t<\/div>\n\t\t\t\t<\/div>\n\t\t\t\t<div class=\"elementor-element elementor-element-881ecf6 elementor-widget elementor-widget-image\" data-id=\"881ecf6\" data-element_type=\"widget\" data-widget_type=\"image.default\">\n\t\t\t\t<div class=\"elementor-widget-container\">\n\t\t\t<style>\/*! elementor - v3.10.1 - 17-01-2023 *\/\n.elementor-widget-image{text-align:center}.elementor-widget-image a{display:inline-block}.elementor-widget-image a img[src$=\".svg\"]{width:48px}.elementor-widget-image img{vertical-align:middle;display:inline-block}<\/style>\t\t\t\t\t\t\t\t\t\t\t\t<img loading=\"lazy\" decoding=\"async\" width=\"661\" height=\"827\" src=\"https:\/\/www.verginahotelcrete.gr\/wp-content\/uploads\/2026\/02\/GT-generic-bronze.jpg\" class=\"attachment-large size-large wp-image-12399\" alt=\"\" srcset=\"https:\/\/www.verginahotelcrete.gr\/wp-content\/uploads\/2026\/02\/GT-generic-bronze.jpg 661w, https:\/\/www.verginahotelcrete.gr\/wp-content\/uploads\/2026\/02\/GT-generic-bronze-240x300.jpg 240w\" sizes=\"auto, (max-width: 661px) 100vw, 661px\" \/>\t\t\t\t\t\t\t\t\t\t\t\t\t\t\t<\/div>\n\t\t\t\t<\/div>\n\t\t\t\t\t<\/div>\n\t\t<\/div>\n\t\t\t\t\t\t\t<\/div>\n\t\t<\/section>\n\t\t\t\t\t<\/div>\n\t\t<\/div>\n\t\t\t\t\t\t\t<\/div>\n\t\t<\/section>\n\t\t\t\t\t\t\t<\/div>\n\t\t","protected":false},"excerpt":{"rendered":"<p>D\u00e9veloppement durable au Vergina Beach Resort Au Vergina Beach Resort, la durabilit\u00e9 n\u2019est pas une tendance \u2014 c\u2019est un \u00e9tat d\u2019esprit.Nous croyons qu\u2019une hospitalit\u00e9 authentique doit respecter la nature, soutenir les \u00e9cosyst\u00e8mes locaux et redonner \u00e0 l\u2019environnement qui nous entoure. Notre objectif est simple : offrir des exp\u00e9riences m\u00e9morables tout en r\u00e9duisant notre empreinte environnementale. [&hellip;]<\/p>\n","protected":false},"author":1,"featured_media":0,"parent":0,"menu_order":0,"comment_status":"closed","ping_status":"closed","template":"elementor_header_footer","meta":{"_seopress_robots_primary_cat":"","footnotes":""},"class_list":["post-12349","page","type-page","status-publish","hentry"],"acf":[],"_links":{"self":[{"href":"https:\/\/www.verginahotelcrete.gr\/fr\/wp-json\/wp\/v2\/pages\/12349","targetHints":{"allow":["GET"]}}],"collection":[{"href":"https:\/\/www.verginahotelcrete.gr\/fr\/wp-json\/wp\/v2\/pages"}],"about":[{"href":"https:\/\/www.verginahotelcrete.gr\/fr\/wp-json\/wp\/v2\/types\/page"}],"author":[{"embeddable":true,"href":"https:\/\/www.verginahotelcrete.gr\/fr\/wp-json\/wp\/v2\/users\/1"}],"replies":[{"embeddable":true,"href":"https:\/\/www.verginahotelcrete.gr\/fr\/wp-json\/wp\/v2\/comments?post=12349"}],"version-history":[{"count":9,"href":"https:\/\/www.verginahotelcrete.gr\/fr\/wp-json\/wp\/v2\/pages\/12349\/revisions"}],"predecessor-version":[{"id":12427,"href":"https:\/\/www.verginahotelcrete.gr\/fr\/wp-json\/wp\/v2\/pages\/12349\/revisions\/12427"}],"wp:attachment":[{"href":"https:\/\/www.verginahotelcrete.gr\/fr\/wp-json\/wp\/v2\/media?parent=12349"}],"curies":[{"name":"wp","href":"https:\/\/api.w.org\/{rel}","templated":true}]}}